{"id":763,"date":"2022-02-06T19:53:40","date_gmt":"2022-02-06T18:53:40","guid":{"rendered":"https:\/\/gitelesalberts.fr\/?page_id=763"},"modified":"2022-10-30T22:23:20","modified_gmt":"2022-10-30T21:23:20","slug":"initiation-au-parapente-et-vol-libre","status":"publish","type":"page","link":"https:\/\/gitelesalberts.fr\/index.php\/initiation-au-parapente-et-vol-libre\/","title":{"rendered":"Parapente"},"content":{"rendered":"\n<h1 class=\"wp-block-heading\">initiation au parapente et vol libre<\/h1>\n\n\n\n<h2 class=\"wp-block-heading\">Dans le val d&rsquo;Azun, vous pourrez vous initier au parapente ou voler de vos propres ailes en toute libert\u00e9. Le g\u00eete les Alberts se trouve \u00e0 proximit\u00e9 du site d&rsquo;envol de Couraduque (site FFVL).<\/h2>\n\n\n\n<p class=\"has-small-font-size\">Vous pouvez prendre de la hauteur et d\u00e9couvrir les paysages magiques qu&rsquo;offrent les Pyr\u00e9n\u00e9es. Vous volerez aux cot\u00e9s des rapaces seuls ou en vol de d\u00e9couverte biplace. L&rsquo;excellente a\u00e9rologie du val d&rsquo;Azun et les nombreuses structures d&rsquo;accueil pourront m\u00eame vous proposer des stages d&rsquo;initiation. Vous aurez un large choix de sites d&rsquo;envol parmi lesquels celui du col de Couraduque (\u00e0 9 km de notre g\u00eete) qui est \u00e0 la fois le plus pratiqu\u00e9 et le plus facile d&rsquo;acc\u00e8s (\u00e0 5 minutes de marche du parking).<\/p>\n\n\n\n<p class=\"has-small-font-size\"><a href=\"https:\/\/www.station-valdazun.com\/parapente\/\" target=\"_blank\" rel=\"noreferrer noopener\">https:\/\/www.station-valdazun.com\/parapente\/<\/a><\/p>\n\n\n\n<figure class=\"wp-block-image size-full is-resized is-style-default\"><img loading=\"lazy\" decoding=\"async\" src=\"https:\/\/gitelesalberts.fr\/wp-content\/uploads\/2022\/03\/parapente-maps.jpg\" alt=\"gite les alberts \/ parapente val azun\" class=\"wp-image-987\" width=\"236\" height=\"127\" srcset=\"https:\/\/gitelesalberts.fr\/wp-content\/uploads\/2022\/03\/parapente-maps.jpg 943w, https:\/\/gitelesalberts.fr\/wp-content\/uploads\/2022\/03\/parapente-maps-300x162.jpg 300w, https:\/\/gitelesalberts.fr\/wp-content\/uploads\/2022\/03\/parapente-maps-768x414.jpg 768w\" sizes=\"auto, (max-width: 236px) 100vw, 236px\" \/><figcaption>gite les alberts \/ parapente val azun<\/figcaption><\/figure>\n\n\n\n<figure class=\"wp-block-image size-large is-resized is-style-default\"><img loading=\"lazy\" decoding=\"async\" src=\"https:\/\/gitelesalberts.fr\/wp-content\/uploads\/2022\/02\/parapente-2-1024x512.jpg\" alt=\"gite les alberts \/ initiation au parapente et vol libre\" class=\"wp-image-788\" width=\"256\" height=\"128\" srcset=\"https:\/\/gitelesalberts.fr\/wp-content\/uploads\/2022\/02\/parapente-2-1024x512.jpg 1024w, https:\/\/gitelesalberts.fr\/wp-content\/uploads\/2022\/02\/parapente-2-300x150.jpg 300w, https:\/\/gitelesalberts.fr\/wp-content\/uploads\/2022\/02\/parapente-2-768x384.jpg 768w, https:\/\/gitelesalberts.fr\/wp-content\/uploads\/2022\/02\/parapente-2-1536x768.jpg 1536w, https:\/\/gitelesalberts.fr\/wp-content\/uploads\/2022\/02\/parapente-2.jpg 1920w\" sizes=\"auto, (max-width: 256px) 100vw, 256px\" \/><figcaption>gite les alberts \/ initiation au parapente et vol libre<\/figcaption><\/figure>\n\n\n\n<p class=\"has-small-font-size\"><a href=\"https:\/\/gitelesalberts.fr\/index.php\/logement-aux-portes-du-parc-national-des-pyrenees\/\" target=\"_blank\" rel=\"noreferrer noopener\">https:\/\/gitelesalberts.fr\/index.php\/logement-aux-portes-du-parc-national-des-pyrenees\/<\/a><\/p>\n","protected":false},"excerpt":{"rendered":"<p>3 aires d&rsquo;envol<\/p>\n","protected":false},"author":1,"featured_media":788,"parent":0,"menu_order":0,"comment_status":"closed","ping_status":"closed","template":"","meta":{"footnotes":""},"class_list":["post-763","page","type-page","status-publish","has-post-thumbnail","hentry"],"yoast_head":"<!-- This site is optimized with the Yoast SEO plugin v27.3 - https:\/\/yoast.com\/product\/yoast-seo-wordpress\/ -->\n<title>Initiation au parapente et vol libre - G\u00eete Les Alberts<\/title>\n<meta name=\"description\" content=\"Dans le val d&#039;Azun, \u00e0 proximit\u00e9 du g\u00eete les Alberts, vous pourrez vous initier au parapente ou voler de vos propres ailes en toute libert\u00e9.\" \/>\n<meta name=\"robots\" content=\"index, follow, max-snippet:-1, max-image-preview:large, max-video-preview:-1\" \/>\n<link rel=\"canonical\" href=\"https:\/\/gitelesalberts.fr\/index.php\/initiation-au-parapente-et-vol-libre\/\" \/>\n<meta property=\"og:locale\" content=\"fr_FR\" \/>\n<meta property=\"og:type\" content=\"article\" \/>\n<meta property=\"og:title\" content=\"Initiation au parapente et vol libre - G\u00eete Les Alberts\" \/>\n<meta property=\"og:description\" content=\"Dans le val d&#039;Azun, \u00e0 proximit\u00e9 du g\u00eete les Alberts, vous pourrez vous initier au parapente ou voler de vos propres ailes en toute libert\u00e9.\" \/>\n<meta property=\"og:url\" content=\"https:\/\/gitelesalberts.fr\/index.php\/initiation-au-parapente-et-vol-libre\/\" \/>\n<meta property=\"og:site_name\" content=\"G\u00eete Les Alberts\" \/>\n<meta property=\"article:modified_time\" content=\"2022-10-30T21:23:20+00:00\" \/>\n<meta property=\"og:image\" content=\"https:\/\/gitelesalberts.fr\/wp-content\/uploads\/2022\/02\/parapente-2.jpg\" \/>\n\t<meta property=\"og:image:width\" content=\"1920\" \/>\n\t<meta property=\"og:image:height\" content=\"960\" \/>\n\t<meta property=\"og:image:type\" content=\"image\/jpeg\" \/>\n<meta name=\"twitter:card\" content=\"summary_large_image\" \/>\n<meta name=\"twitter:label1\" content=\"Dur\u00e9e de lecture estim\u00e9e\" \/>\n\t<meta name=\"twitter:data1\" content=\"2 minutes\" \/>\n<script type=\"application\/ld+json\" class=\"yoast-schema-graph\">{\"@context\":\"https:\\\/\\\/schema.org\",\"@graph\":[{\"@type\":\"WebPage\",\"@id\":\"https:\\\/\\\/gitelesalberts.fr\\\/index.php\\\/initiation-au-parapente-et-vol-libre\\\/\",\"url\":\"https:\\\/\\\/gitelesalberts.fr\\\/index.php\\\/initiation-au-parapente-et-vol-libre\\\/\",\"name\":\"Initiation au parapente et vol libre - G\u00eete Les Alberts\",\"isPartOf\":{\"@id\":\"https:\\\/\\\/gitelesalberts.fr\\\/#website\"},\"primaryImageOfPage\":{\"@id\":\"https:\\\/\\\/gitelesalberts.fr\\\/index.php\\\/initiation-au-parapente-et-vol-libre\\\/#primaryimage\"},\"image\":{\"@id\":\"https:\\\/\\\/gitelesalberts.fr\\\/index.php\\\/initiation-au-parapente-et-vol-libre\\\/#primaryimage\"},\"thumbnailUrl\":\"https:\\\/\\\/gitelesalberts.fr\\\/wp-content\\\/uploads\\\/2022\\\/02\\\/parapente-2.jpg\",\"datePublished\":\"2022-02-06T18:53:40+00:00\",\"dateModified\":\"2022-10-30T21:23:20+00:00\",\"description\":\"Dans le val d'Azun, \u00e0 proximit\u00e9 du g\u00eete les Alberts, vous pourrez vous initier au parapente ou voler de vos propres ailes en toute libert\u00e9.\",\"breadcrumb\":{\"@id\":\"https:\\\/\\\/gitelesalberts.fr\\\/index.php\\\/initiation-au-parapente-et-vol-libre\\\/#breadcrumb\"},\"inLanguage\":\"fr-FR\",\"potentialAction\":[{\"@type\":\"ReadAction\",\"target\":[\"https:\\\/\\\/gitelesalberts.fr\\\/index.php\\\/initiation-au-parapente-et-vol-libre\\\/\"]}]},{\"@type\":\"ImageObject\",\"inLanguage\":\"fr-FR\",\"@id\":\"https:\\\/\\\/gitelesalberts.fr\\\/index.php\\\/initiation-au-parapente-et-vol-libre\\\/#primaryimage\",\"url\":\"https:\\\/\\\/gitelesalberts.fr\\\/wp-content\\\/uploads\\\/2022\\\/02\\\/parapente-2.jpg\",\"contentUrl\":\"https:\\\/\\\/gitelesalberts.fr\\\/wp-content\\\/uploads\\\/2022\\\/02\\\/parapente-2.jpg\",\"width\":1920,\"height\":960,\"caption\":\"gite les alberts \\\/ initiation au parapente et vol libre\"},{\"@type\":\"BreadcrumbList\",\"@id\":\"https:\\\/\\\/gitelesalberts.fr\\\/index.php\\\/initiation-au-parapente-et-vol-libre\\\/#breadcrumb\",\"itemListElement\":[{\"@type\":\"ListItem\",\"position\":1,\"name\":\"Accueil\",\"item\":\"https:\\\/\\\/gitelesalberts.fr\\\/\"},{\"@type\":\"ListItem\",\"position\":2,\"name\":\"Parapente\"}]},{\"@type\":\"WebSite\",\"@id\":\"https:\\\/\\\/gitelesalberts.fr\\\/#website\",\"url\":\"https:\\\/\\\/gitelesalberts.fr\\\/\",\"name\":\"G\u00eete Les Alberts\",\"description\":\"G\u00eete situ\u00e9 dans les Pyr\u00e9n\u00e9es\",\"potentialAction\":[{\"@type\":\"SearchAction\",\"target\":{\"@type\":\"EntryPoint\",\"urlTemplate\":\"https:\\\/\\\/gitelesalberts.fr\\\/?s={search_term_string}\"},\"query-input\":{\"@type\":\"PropertyValueSpecification\",\"valueRequired\":true,\"valueName\":\"search_term_string\"}}],\"inLanguage\":\"fr-FR\"}]}<\/script>\n<!-- \/ Yoast SEO plugin. -->","yoast_head_json":{"title":"Initiation au parapente et vol libre - G\u00eete Les Alberts","description":"Dans le val d'Azun, \u00e0 proximit\u00e9 du g\u00eete les Alberts, vous pourrez vous initier au parapente ou voler de vos propres ailes en toute libert\u00e9.","robots":{"index":"index","follow":"follow","max-snippet":"max-snippet:-1","max-image-preview":"max-image-preview:large","max-video-preview":"max-video-preview:-1"},"canonical":"https:\/\/gitelesalberts.fr\/index.php\/initiation-au-parapente-et-vol-libre\/","og_locale":"fr_FR","og_type":"article","og_title":"Initiation au parapente et vol libre - G\u00eete Les Alberts","og_description":"Dans le val d'Azun, \u00e0 proximit\u00e9 du g\u00eete les Alberts, vous pourrez vous initier au parapente ou voler de vos propres ailes en toute libert\u00e9.","og_url":"https:\/\/gitelesalberts.fr\/index.php\/initiation-au-parapente-et-vol-libre\/","og_site_name":"G\u00eete Les Alberts","article_modified_time":"2022-10-30T21:23:20+00:00","og_image":[{"width":1920,"height":960,"url":"https:\/\/gitelesalberts.fr\/wp-content\/uploads\/2022\/02\/parapente-2.jpg","type":"image\/jpeg"}],"twitter_card":"summary_large_image","twitter_misc":{"Dur\u00e9e de lecture estim\u00e9e":"2 minutes"},"schema":{"@context":"https:\/\/schema.org","@graph":[{"@type":"WebPage","@id":"https:\/\/gitelesalberts.fr\/index.php\/initiation-au-parapente-et-vol-libre\/","url":"https:\/\/gitelesalberts.fr\/index.php\/initiation-au-parapente-et-vol-libre\/","name":"Initiation au parapente et vol libre - G\u00eete Les Alberts","isPartOf":{"@id":"https:\/\/gitelesalberts.fr\/#website"},"primaryImageOfPage":{"@id":"https:\/\/gitelesalberts.fr\/index.php\/initiation-au-parapente-et-vol-libre\/#primaryimage"},"image":{"@id":"https:\/\/gitelesalberts.fr\/index.php\/initiation-au-parapente-et-vol-libre\/#primaryimage"},"thumbnailUrl":"https:\/\/gitelesalberts.fr\/wp-content\/uploads\/2022\/02\/parapente-2.jpg","datePublished":"2022-02-06T18:53:40+00:00","dateModified":"2022-10-30T21:23:20+00:00","description":"Dans le val d'Azun, \u00e0 proximit\u00e9 du g\u00eete les Alberts, vous pourrez vous initier au parapente ou voler de vos propres ailes en toute libert\u00e9.","breadcrumb":{"@id":"https:\/\/gitelesalberts.fr\/index.php\/initiation-au-parapente-et-vol-libre\/#breadcrumb"},"inLanguage":"fr-FR","potentialAction":[{"@type":"ReadAction","target":["https:\/\/gitelesalberts.fr\/index.php\/initiation-au-parapente-et-vol-libre\/"]}]},{"@type":"ImageObject","inLanguage":"fr-FR","@id":"https:\/\/gitelesalberts.fr\/index.php\/initiation-au-parapente-et-vol-libre\/#primaryimage","url":"https:\/\/gitelesalberts.fr\/wp-content\/uploads\/2022\/02\/parapente-2.jpg","contentUrl":"https:\/\/gitelesalberts.fr\/wp-content\/uploads\/2022\/02\/parapente-2.jpg","width":1920,"height":960,"caption":"gite les alberts \/ initiation au parapente et vol libre"},{"@type":"BreadcrumbList","@id":"https:\/\/gitelesalberts.fr\/index.php\/initiation-au-parapente-et-vol-libre\/#breadcrumb","itemListElement":[{"@type":"ListItem","position":1,"name":"Accueil","item":"https:\/\/gitelesalberts.fr\/"},{"@type":"ListItem","position":2,"name":"Parapente"}]},{"@type":"WebSite","@id":"https:\/\/gitelesalberts.fr\/#website","url":"https:\/\/gitelesalberts.fr\/","name":"G\u00eete Les Alberts","description":"G\u00eete situ\u00e9 dans les Pyr\u00e9n\u00e9es","potentialAction":[{"@type":"SearchAction","target":{"@type":"EntryPoint","urlTemplate":"https:\/\/gitelesalberts.fr\/?s={search_term_string}"},"query-input":{"@type":"PropertyValueSpecification","valueRequired":true,"valueName":"search_term_string"}}],"inLanguage":"fr-FR"}]}},"_links":{"self":[{"href":"https:\/\/gitelesalberts.fr\/index.php\/wp-json\/wp\/v2\/pages\/763","targetHints":{"allow":["GET"]}}],"collection":[{"href":"https:\/\/gitelesalberts.fr\/index.php\/wp-json\/wp\/v2\/pages"}],"about":[{"href":"https:\/\/gitelesalberts.fr\/index.php\/wp-json\/wp\/v2\/types\/page"}],"author":[{"embeddable":true,"href":"https:\/\/gitelesalberts.fr\/index.php\/wp-json\/wp\/v2\/users\/1"}],"replies":[{"embeddable":true,"href":"https:\/\/gitelesalberts.fr\/index.php\/wp-json\/wp\/v2\/comments?post=763"}],"version-history":[{"count":11,"href":"https:\/\/gitelesalberts.fr\/index.php\/wp-json\/wp\/v2\/pages\/763\/revisions"}],"predecessor-version":[{"id":1805,"href":"https:\/\/gitelesalberts.fr\/index.php\/wp-json\/wp\/v2\/pages\/763\/revisions\/1805"}],"wp:featuredmedia":[{"embeddable":true,"href":"https:\/\/gitelesalberts.fr\/index.php\/wp-json\/wp\/v2\/media\/788"}],"wp:attachment":[{"href":"https:\/\/gitelesalberts.fr\/index.php\/wp-json\/wp\/v2\/media?parent=763"}],"curies":[{"name":"wp","href":"https:\/\/api.w.org\/{rel}","templated":true}]}}