{"id":602,"date":"2022-02-07T17:03:13","date_gmt":"2022-02-07T16:03:13","guid":{"rendered":"http:\/\/gitelesalberts.fr\/?page_id=602"},"modified":"2022-10-30T22:28:41","modified_gmt":"2022-10-30T21:28:41","slug":"ou-skier-en-famille","status":"publish","type":"page","link":"https:\/\/gitelesalberts.fr\/index.php\/ou-skier-en-famille\/","title":{"rendered":"Ski"},"content":{"rendered":"\n<h1 class=\"wp-block-heading\">o\u00f9 skier en famille<\/h1>\n\n\n\n<h2 class=\"wp-block-heading\">Ski alpin, ski nordique ou initiation au biathlon, le val d&rsquo;Azun est l&rsquo;endroit o\u00f9 skier en famille. Notre chalet permet de chaleureuses soir\u00e9es autour d&rsquo;une raclette. Nos g\u00eetes spacieux facilitent le stockage du mat\u00e9riel et le s\u00e9chage des v\u00eatements.<\/h2>\n\n\n\n<p class=\"has-small-font-size\">Le val d&rsquo;Azun est le plus grand et le plus ensoleill\u00e9 des sites nordiques des Hautes-Pyr\u00e9n\u00e9es. Le domaine s&rsquo;\u00e9tend du col du Soulor au col de Couraduque et propose une large gamme d&rsquo;activit\u00e9s: ski de fond, raquettes, nordic park avec tapis pour les enfants, luge &#8230; . Vous profiterez des grands espaces et du panorama en faisant la grande travers\u00e9e d&rsquo;un col \u00e0 l&rsquo;autre. La location du mat\u00e9riel peut se faire sur place au pied des pistes, et une salle de pique-nique en acc\u00e8s libre avec micro-onde et wifi permet une pause m\u00e9ridienne ressour\u00e7ante.<\/p>\n\n\n\n<p class=\"has-small-font-size\">Le domaine skiable du Grand Tourmalet ne manque pas d&rsquo;atouts ! C&rsquo;est \u00e0 la fois le plus grand domaine des Pyr\u00e9n\u00e9es, mais aussi un site remarquable situ\u00e9 de part et d&rsquo;autre du mythique col du Tourmalet et au pied du c\u00e9l\u00e8bre pic du midi. Avec 59 pistes les skieurs de tout niveau glisseront sur plus de 100 km.<\/p>\n\n\n\n<p class=\"has-small-font-size\"><a href=\"https:\/\/www.lespyrenees.net\/espaces-nordiques\" target=\"_blank\" rel=\"noreferrer noopener\">https:\/\/www.lespyrenees.net\/espaces-nordiques<\/a><\/p>\n\n\n\n<p class=\"has-small-font-size\"><a href=\"https:\/\/www.lespyrenees.net\/stations-de-ski-de-piste\" target=\"_blank\" rel=\"noreferrer noopener\">https:\/\/www.lespyrenees.net\/stations-de-ski-de-piste<\/a><\/p>\n\n\n\n<figure class=\"wp-block-image size-large is-resized is-style-default\"><img loading=\"lazy\" decoding=\"async\" src=\"https:\/\/gitelesalberts.fr\/wp-content\/uploads\/2022\/03\/ski.-1024x640.jpg\" alt=\"gite les alberts \/ ski pyrenees\" class=\"wp-image-856\" width=\"256\" height=\"160\" srcset=\"https:\/\/gitelesalberts.fr\/wp-content\/uploads\/2022\/03\/ski.-1024x640.jpg 1024w, https:\/\/gitelesalberts.fr\/wp-content\/uploads\/2022\/03\/ski.-300x188.jpg 300w, https:\/\/gitelesalberts.fr\/wp-content\/uploads\/2022\/03\/ski.-768x480.jpg 768w, https:\/\/gitelesalberts.fr\/wp-content\/uploads\/2022\/03\/ski.-1536x960.jpg 1536w, https:\/\/gitelesalberts.fr\/wp-content\/uploads\/2022\/03\/ski..jpg 1920w\" sizes=\"auto, (max-width: 256px) 100vw, 256px\" \/><figcaption>gite les alberts \/ ski pyrenees<\/figcaption><\/figure>\n\n\n\n<figure class=\"wp-block-image size-full is-resized is-style-default\"><img loading=\"lazy\" decoding=\"async\" src=\"https:\/\/gitelesalberts.fr\/wp-content\/uploads\/2022\/03\/maps-ski-nordique.jpg\" alt=\"gite les alberts \/ espace nordique val azun\" class=\"wp-image-1011\" width=\"101\" height=\"97\" srcset=\"https:\/\/gitelesalberts.fr\/wp-content\/uploads\/2022\/03\/maps-ski-nordique.jpg 405w, https:\/\/gitelesalberts.fr\/wp-content\/uploads\/2022\/03\/maps-ski-nordique-300x287.jpg 300w\" sizes=\"auto, (max-width: 101px) 100vw, 101px\" \/><figcaption>gite les alberts \/ espace nordique val azun<\/figcaption><\/figure>\n\n\n\n<figure class=\"wp-block-image size-full is-resized is-style-default\"><img loading=\"lazy\" decoding=\"async\" src=\"https:\/\/gitelesalberts.fr\/wp-content\/uploads\/2022\/03\/maps-ski-1.jpg\" alt=\"gite les alberts \/ station de ski pyrenees\" class=\"wp-image-1010\" width=\"120\" height=\"90\" srcset=\"https:\/\/gitelesalberts.fr\/wp-content\/uploads\/2022\/03\/maps-ski-1.jpg 481w, https:\/\/gitelesalberts.fr\/wp-content\/uploads\/2022\/03\/maps-ski-1-300x223.jpg 300w\" sizes=\"auto, (max-width: 120px) 100vw, 120px\" \/><figcaption>gite les alberts \/ station de ski pyrenees<\/figcaption><\/figure>\n\n\n\n<p class=\"has-small-font-size\"><a href=\"https:\/\/gitelesalberts.fr\/index.php\/logement-aux-portes-du-parc-national-des-pyrenees\/\" target=\"_blank\" rel=\"noreferrer noopener\">https:\/\/gitelesalberts.fr\/index.php\/logement-aux-portes-du-parc-national-des-pyrenees\/<\/a><\/p>\n","protected":false},"excerpt":{"rendered":"<p>3 espaces nordiques<br \/>\n4 stations<\/p>\n","protected":false},"author":1,"featured_media":856,"parent":0,"menu_order":0,"comment_status":"open","ping_status":"closed","template":"","meta":{"footnotes":""},"class_list":["post-602","page","type-page","status-publish","has-post-thumbnail","hentry"],"yoast_head":"<!-- This site is optimized with the Yoast SEO plugin v27.5 - https:\/\/yoast.com\/product\/yoast-seo-wordpress\/ -->\n<title>O\u00f9 skier en famille - G\u00eete Les Alberts<\/title>\n<meta name=\"description\" content=\"Ski alpin, ski nordique ou initiation au biathlon, le val d&#039;Azun est l&#039;endroit o\u00f9 skier en famille. Notre chalet permet de chaleureuses soir\u00e9es autour d&#039;une raclette.\" \/>\n<meta name=\"robots\" content=\"index, follow, max-snippet:-1, max-image-preview:large, max-video-preview:-1\" \/>\n<link rel=\"canonical\" href=\"https:\/\/gitelesalberts.fr\/index.php\/ou-skier-en-famille\/\" \/>\n<meta property=\"og:locale\" content=\"fr_FR\" \/>\n<meta property=\"og:type\" content=\"article\" \/>\n<meta property=\"og:title\" content=\"O\u00f9 skier en famille - G\u00eete Les Alberts\" \/>\n<meta property=\"og:description\" content=\"Ski alpin, ski nordique ou initiation au biathlon, le val d&#039;Azun est l&#039;endroit o\u00f9 skier en famille. Notre chalet permet de chaleureuses soir\u00e9es autour d&#039;une raclette.\" \/>\n<meta property=\"og:url\" content=\"https:\/\/gitelesalberts.fr\/index.php\/ou-skier-en-famille\/\" \/>\n<meta property=\"og:site_name\" content=\"G\u00eete Les Alberts\" \/>\n<meta property=\"article:modified_time\" content=\"2022-10-30T21:28:41+00:00\" \/>\n<meta property=\"og:image\" content=\"https:\/\/gitelesalberts.fr\/wp-content\/uploads\/2022\/03\/ski..jpg\" \/>\n\t<meta property=\"og:image:width\" content=\"1920\" \/>\n\t<meta property=\"og:image:height\" content=\"1200\" \/>\n\t<meta property=\"og:image:type\" content=\"image\/jpeg\" \/>\n<meta name=\"twitter:card\" content=\"summary_large_image\" \/>\n<meta name=\"twitter:label1\" content=\"Dur\u00e9e de lecture estim\u00e9e\" \/>\n\t<meta name=\"twitter:data1\" content=\"2 minutes\" \/>\n<script type=\"application\/ld+json\" class=\"yoast-schema-graph\">{\"@context\":\"https:\\\/\\\/schema.org\",\"@graph\":[{\"@type\":\"WebPage\",\"@id\":\"https:\\\/\\\/gitelesalberts.fr\\\/index.php\\\/ou-skier-en-famille\\\/\",\"url\":\"https:\\\/\\\/gitelesalberts.fr\\\/index.php\\\/ou-skier-en-famille\\\/\",\"name\":\"O\u00f9 skier en famille - G\u00eete Les Alberts\",\"isPartOf\":{\"@id\":\"https:\\\/\\\/gitelesalberts.fr\\\/#website\"},\"primaryImageOfPage\":{\"@id\":\"https:\\\/\\\/gitelesalberts.fr\\\/index.php\\\/ou-skier-en-famille\\\/#primaryimage\"},\"image\":{\"@id\":\"https:\\\/\\\/gitelesalberts.fr\\\/index.php\\\/ou-skier-en-famille\\\/#primaryimage\"},\"thumbnailUrl\":\"https:\\\/\\\/gitelesalberts.fr\\\/wp-content\\\/uploads\\\/2022\\\/03\\\/ski..jpg\",\"datePublished\":\"2022-02-07T16:03:13+00:00\",\"dateModified\":\"2022-10-30T21:28:41+00:00\",\"description\":\"Ski alpin, ski nordique ou initiation au biathlon, le val d'Azun est l'endroit o\u00f9 skier en famille. Notre chalet permet de chaleureuses soir\u00e9es autour d'une raclette.\",\"breadcrumb\":{\"@id\":\"https:\\\/\\\/gitelesalberts.fr\\\/index.php\\\/ou-skier-en-famille\\\/#breadcrumb\"},\"inLanguage\":\"fr-FR\",\"potentialAction\":[{\"@type\":\"ReadAction\",\"target\":[\"https:\\\/\\\/gitelesalberts.fr\\\/index.php\\\/ou-skier-en-famille\\\/\"]}]},{\"@type\":\"ImageObject\",\"inLanguage\":\"fr-FR\",\"@id\":\"https:\\\/\\\/gitelesalberts.fr\\\/index.php\\\/ou-skier-en-famille\\\/#primaryimage\",\"url\":\"https:\\\/\\\/gitelesalberts.fr\\\/wp-content\\\/uploads\\\/2022\\\/03\\\/ski..jpg\",\"contentUrl\":\"https:\\\/\\\/gitelesalberts.fr\\\/wp-content\\\/uploads\\\/2022\\\/03\\\/ski..jpg\",\"width\":1920,\"height\":1200,\"caption\":\"gite les alberts \\\/ ski pyrenees\"},{\"@type\":\"BreadcrumbList\",\"@id\":\"https:\\\/\\\/gitelesalberts.fr\\\/index.php\\\/ou-skier-en-famille\\\/#breadcrumb\",\"itemListElement\":[{\"@type\":\"ListItem\",\"position\":1,\"name\":\"Accueil\",\"item\":\"https:\\\/\\\/gitelesalberts.fr\\\/\"},{\"@type\":\"ListItem\",\"position\":2,\"name\":\"Ski\"}]},{\"@type\":\"WebSite\",\"@id\":\"https:\\\/\\\/gitelesalberts.fr\\\/#website\",\"url\":\"https:\\\/\\\/gitelesalberts.fr\\\/\",\"name\":\"G\u00eete Les Alberts\",\"description\":\"G\u00eete situ\u00e9 dans les Pyr\u00e9n\u00e9es\",\"potentialAction\":[{\"@type\":\"SearchAction\",\"target\":{\"@type\":\"EntryPoint\",\"urlTemplate\":\"https:\\\/\\\/gitelesalberts.fr\\\/?s={search_term_string}\"},\"query-input\":{\"@type\":\"PropertyValueSpecification\",\"valueRequired\":true,\"valueName\":\"search_term_string\"}}],\"inLanguage\":\"fr-FR\"}]}<\/script>\n<!-- \/ Yoast SEO plugin. -->","yoast_head_json":{"title":"O\u00f9 skier en famille - G\u00eete Les Alberts","description":"Ski alpin, ski nordique ou initiation au biathlon, le val d'Azun est l'endroit o\u00f9 skier en famille. Notre chalet permet de chaleureuses soir\u00e9es autour d'une raclette.","robots":{"index":"index","follow":"follow","max-snippet":"max-snippet:-1","max-image-preview":"max-image-preview:large","max-video-preview":"max-video-preview:-1"},"canonical":"https:\/\/gitelesalberts.fr\/index.php\/ou-skier-en-famille\/","og_locale":"fr_FR","og_type":"article","og_title":"O\u00f9 skier en famille - G\u00eete Les Alberts","og_description":"Ski alpin, ski nordique ou initiation au biathlon, le val d'Azun est l'endroit o\u00f9 skier en famille. Notre chalet permet de chaleureuses soir\u00e9es autour d'une raclette.","og_url":"https:\/\/gitelesalberts.fr\/index.php\/ou-skier-en-famille\/","og_site_name":"G\u00eete Les Alberts","article_modified_time":"2022-10-30T21:28:41+00:00","og_image":[{"width":1920,"height":1200,"url":"https:\/\/gitelesalberts.fr\/wp-content\/uploads\/2022\/03\/ski..jpg","type":"image\/jpeg"}],"twitter_card":"summary_large_image","twitter_misc":{"Dur\u00e9e de lecture estim\u00e9e":"2 minutes"},"schema":{"@context":"https:\/\/schema.org","@graph":[{"@type":"WebPage","@id":"https:\/\/gitelesalberts.fr\/index.php\/ou-skier-en-famille\/","url":"https:\/\/gitelesalberts.fr\/index.php\/ou-skier-en-famille\/","name":"O\u00f9 skier en famille - G\u00eete Les Alberts","isPartOf":{"@id":"https:\/\/gitelesalberts.fr\/#website"},"primaryImageOfPage":{"@id":"https:\/\/gitelesalberts.fr\/index.php\/ou-skier-en-famille\/#primaryimage"},"image":{"@id":"https:\/\/gitelesalberts.fr\/index.php\/ou-skier-en-famille\/#primaryimage"},"thumbnailUrl":"https:\/\/gitelesalberts.fr\/wp-content\/uploads\/2022\/03\/ski..jpg","datePublished":"2022-02-07T16:03:13+00:00","dateModified":"2022-10-30T21:28:41+00:00","description":"Ski alpin, ski nordique ou initiation au biathlon, le val d'Azun est l'endroit o\u00f9 skier en famille. Notre chalet permet de chaleureuses soir\u00e9es autour d'une raclette.","breadcrumb":{"@id":"https:\/\/gitelesalberts.fr\/index.php\/ou-skier-en-famille\/#breadcrumb"},"inLanguage":"fr-FR","potentialAction":[{"@type":"ReadAction","target":["https:\/\/gitelesalberts.fr\/index.php\/ou-skier-en-famille\/"]}]},{"@type":"ImageObject","inLanguage":"fr-FR","@id":"https:\/\/gitelesalberts.fr\/index.php\/ou-skier-en-famille\/#primaryimage","url":"https:\/\/gitelesalberts.fr\/wp-content\/uploads\/2022\/03\/ski..jpg","contentUrl":"https:\/\/gitelesalberts.fr\/wp-content\/uploads\/2022\/03\/ski..jpg","width":1920,"height":1200,"caption":"gite les alberts \/ ski pyrenees"},{"@type":"BreadcrumbList","@id":"https:\/\/gitelesalberts.fr\/index.php\/ou-skier-en-famille\/#breadcrumb","itemListElement":[{"@type":"ListItem","position":1,"name":"Accueil","item":"https:\/\/gitelesalberts.fr\/"},{"@type":"ListItem","position":2,"name":"Ski"}]},{"@type":"WebSite","@id":"https:\/\/gitelesalberts.fr\/#website","url":"https:\/\/gitelesalberts.fr\/","name":"G\u00eete Les Alberts","description":"G\u00eete situ\u00e9 dans les Pyr\u00e9n\u00e9es","potentialAction":[{"@type":"SearchAction","target":{"@type":"EntryPoint","urlTemplate":"https:\/\/gitelesalberts.fr\/?s={search_term_string}"},"query-input":{"@type":"PropertyValueSpecification","valueRequired":true,"valueName":"search_term_string"}}],"inLanguage":"fr-FR"}]}},"_links":{"self":[{"href":"https:\/\/gitelesalberts.fr\/index.php\/wp-json\/wp\/v2\/pages\/602","targetHints":{"allow":["GET"]}}],"collection":[{"href":"https:\/\/gitelesalberts.fr\/index.php\/wp-json\/wp\/v2\/pages"}],"about":[{"href":"https:\/\/gitelesalberts.fr\/index.php\/wp-json\/wp\/v2\/types\/page"}],"author":[{"embeddable":true,"href":"https:\/\/gitelesalberts.fr\/index.php\/wp-json\/wp\/v2\/users\/1"}],"replies":[{"embeddable":true,"href":"https:\/\/gitelesalberts.fr\/index.php\/wp-json\/wp\/v2\/comments?post=602"}],"version-history":[{"count":12,"href":"https:\/\/gitelesalberts.fr\/index.php\/wp-json\/wp\/v2\/pages\/602\/revisions"}],"predecessor-version":[{"id":1799,"href":"https:\/\/gitelesalberts.fr\/index.php\/wp-json\/wp\/v2\/pages\/602\/revisions\/1799"}],"wp:featuredmedia":[{"embeddable":true,"href":"https:\/\/gitelesalberts.fr\/index.php\/wp-json\/wp\/v2\/media\/856"}],"wp:attachment":[{"href":"https:\/\/gitelesalberts.fr\/index.php\/wp-json\/wp\/v2\/media?parent=602"}],"curies":[{"name":"wp","href":"https:\/\/api.w.org\/{rel}","templated":true}]}}