{"id":601,"date":"2022-02-03T17:03:13","date_gmt":"2022-02-03T16:03:13","guid":{"rendered":"http:\/\/gitelesalberts.fr\/?page_id=601"},"modified":"2022-10-30T22:27:12","modified_gmt":"2022-10-30T21:27:12","slug":"gr10-la-traversee-des-pyrenees","status":"publish","type":"page","link":"https:\/\/gitelesalberts.fr\/index.php\/gr10-la-traversee-des-pyrenees\/","title":{"rendered":"Rando"},"content":{"rendered":"\n<h1 class=\"wp-block-heading\">GR10 : la travers\u00e9e des Pyr\u00e9n\u00e9es<\/h1>\n\n\n\n<h2 class=\"wp-block-heading\">Le g\u00eete les Alberts est au c\u0153ur de tout un r\u00e9seau de chemins de randonn\u00e9e dont le fameux GR10 qui permet la travers\u00e9e des Pyr\u00e9n\u00e9es d&rsquo;une mer \u00e0 l&rsquo;autre. Ici la nature est pr\u00e9serv\u00e9e au sein du parc national des Pyr\u00e9n\u00e9es.<\/h2>\n\n\n\n<p class=\"has-small-font-size\">L&rsquo;offre \u00ab\u00a0nature\u00a0\u00bb est grande, tant par l&rsquo;immensit\u00e9 des lieux que par la diversit\u00e9 des circuits propos\u00e9s. Chacun pourra pratiquer \u00e0 son rythme et \u00e0 son niveau. Vous pourrez partir pour une petite balade familiale autour d&rsquo;un lac, ou pour la journ\u00e9e avec le pique-nique dans le sac pour profiter de l&rsquo;air pur des sommets et de la faune d&rsquo;altitude, ou encore vous engager dans un trail sportif afin de tester vos limites et assouvir votre envie d&rsquo;\u00e9vasion. Quelque soit votre objectif, nous pourrons vous sugg\u00e9rer des parcours adapt\u00e9s et vous faire profiter de l&rsquo;exp\u00e9rience de nos nombreux vacanciers. Nous mettons \u00e9galement \u00e0 votre disposition des cartes ou du mat\u00e9riel.<\/p>\n\n\n\n<p class=\"has-small-font-size\"><a href=\"https:\/\/rando.valleesdegavarnie.com\/search?practices=4\" target=\"_blank\" rel=\"noreferrer noopener\">https:\/\/rando.valleesdegavarnie.com\/search?practices=4<\/a><\/p>\n\n\n\n<p class=\"has-small-font-size\"><a href=\"https:\/\/rando.valleesdegavarnie.com\/search?practices=5\" target=\"_blank\" rel=\"noreferrer noopener\">https:\/\/rando.valleesdegavarnie.com\/search?practices=5<\/a><\/p>\n\n\n\n<figure class=\"wp-block-image size-large is-resized is-style-default\"><img loading=\"lazy\" decoding=\"async\" src=\"https:\/\/gitelesalberts.fr\/wp-content\/uploads\/2022\/02\/rando-1-1024x512.jpg\" alt=\"gite les alberts \/ GR10 : la traversee des pyrenees\" class=\"wp-image-799\" width=\"256\" height=\"128\" srcset=\"https:\/\/gitelesalberts.fr\/wp-content\/uploads\/2022\/02\/rando-1-1024x512.jpg 1024w, https:\/\/gitelesalberts.fr\/wp-content\/uploads\/2022\/02\/rando-1-300x150.jpg 300w, https:\/\/gitelesalberts.fr\/wp-content\/uploads\/2022\/02\/rando-1-768x384.jpg 768w, https:\/\/gitelesalberts.fr\/wp-content\/uploads\/2022\/02\/rando-1-1536x768.jpg 1536w, https:\/\/gitelesalberts.fr\/wp-content\/uploads\/2022\/02\/rando-1.jpg 1900w\" sizes=\"auto, (max-width: 256px) 100vw, 256px\" \/><figcaption>gite les alberts \/ GR10 : la traversee des pyrenees<\/figcaption><\/figure>\n\n\n\n<figure class=\"wp-block-image size-full is-resized is-style-default\"><img loading=\"lazy\" decoding=\"async\" src=\"https:\/\/gitelesalberts.fr\/wp-content\/uploads\/2022\/03\/maps-trail.jpg\" alt=\"gite les alberts \/ trail val azun\" class=\"wp-image-1001\" width=\"204\" height=\"172\" srcset=\"https:\/\/gitelesalberts.fr\/wp-content\/uploads\/2022\/03\/maps-trail.jpg 815w, https:\/\/gitelesalberts.fr\/wp-content\/uploads\/2022\/03\/maps-trail-300x253.jpg 300w, https:\/\/gitelesalberts.fr\/wp-content\/uploads\/2022\/03\/maps-trail-768x647.jpg 768w\" sizes=\"auto, (max-width: 204px) 100vw, 204px\" \/><figcaption>gite les alberts \/ trail val azun<\/figcaption><\/figure>\n\n\n\n<figure class=\"wp-block-image size-full is-resized is-style-default\"><img loading=\"lazy\" decoding=\"async\" src=\"https:\/\/gitelesalberts.fr\/wp-content\/uploads\/2022\/03\/maps-rando-7.jpg\" alt=\"gite les alberts \/ GR10 rando val azun\" class=\"wp-image-1000\" width=\"163\" height=\"166\" srcset=\"https:\/\/gitelesalberts.fr\/wp-content\/uploads\/2022\/03\/maps-rando-7.jpg 651w, https:\/\/gitelesalberts.fr\/wp-content\/uploads\/2022\/03\/maps-rando-7-294x300.jpg 294w\" sizes=\"auto, (max-width: 163px) 100vw, 163px\" \/><figcaption>gite les alberts \/ GR10 rando val azun<\/figcaption><\/figure>\n\n\n\n<p class=\"has-small-font-size\"><a href=\"https:\/\/gitelesalberts.fr\/index.php\/logement-aux-portes-du-parc-national-des-pyrenees\/\" target=\"_blank\" rel=\"noreferrer noopener\">https:\/\/gitelesalberts.fr\/index.php\/logement-aux-portes-du-parc-national-des-pyrenees\/<\/a><\/p>\n","protected":false},"excerpt":{"rendered":"<p>731 km balis\u00e9s<br \/>\n36 parcours trail<\/p>\n","protected":false},"author":1,"featured_media":799,"parent":0,"menu_order":0,"comment_status":"open","ping_status":"closed","template":"","meta":{"footnotes":""},"class_list":["post-601","page","type-page","status-publish","has-post-thumbnail","hentry"],"yoast_head":"<!-- This site is optimized with the Yoast SEO plugin v27.4 - https:\/\/yoast.com\/product\/yoast-seo-wordpress\/ -->\n<title>GR10 : La travers\u00e9e des Pyr\u00e9n\u00e9es - G\u00eete Les Alberts<\/title>\n<meta name=\"description\" content=\"Le g\u00eete les Alberts est au c\u0153ur de tout un r\u00e9seau de chemins de randonn\u00e9e dont le fameux GR10 qui permet la travers\u00e9e des Pyr\u00e9n\u00e9es.\" \/>\n<meta name=\"robots\" content=\"index, follow, max-snippet:-1, max-image-preview:large, max-video-preview:-1\" \/>\n<link rel=\"canonical\" href=\"https:\/\/gitelesalberts.fr\/index.php\/gr10-la-traversee-des-pyrenees\/\" \/>\n<meta property=\"og:locale\" content=\"fr_FR\" \/>\n<meta property=\"og:type\" content=\"article\" \/>\n<meta property=\"og:title\" content=\"GR10 : La travers\u00e9e des Pyr\u00e9n\u00e9es - G\u00eete Les Alberts\" \/>\n<meta property=\"og:description\" content=\"Le g\u00eete les Alberts est au c\u0153ur de tout un r\u00e9seau de chemins de randonn\u00e9e dont le fameux GR10 qui permet la travers\u00e9e des Pyr\u00e9n\u00e9es.\" \/>\n<meta property=\"og:url\" content=\"https:\/\/gitelesalberts.fr\/index.php\/gr10-la-traversee-des-pyrenees\/\" \/>\n<meta property=\"og:site_name\" content=\"G\u00eete Les Alberts\" \/>\n<meta property=\"article:modified_time\" content=\"2022-10-30T21:27:12+00:00\" \/>\n<meta property=\"og:image\" content=\"https:\/\/gitelesalberts.fr\/wp-content\/uploads\/2022\/02\/rando-1.jpg\" \/>\n\t<meta property=\"og:image:width\" content=\"1900\" \/>\n\t<meta property=\"og:image:height\" content=\"950\" \/>\n\t<meta property=\"og:image:type\" content=\"image\/jpeg\" \/>\n<meta name=\"twitter:card\" content=\"summary_large_image\" \/>\n<meta name=\"twitter:label1\" content=\"Dur\u00e9e de lecture estim\u00e9e\" \/>\n\t<meta name=\"twitter:data1\" content=\"2 minutes\" \/>\n<script type=\"application\/ld+json\" class=\"yoast-schema-graph\">{\"@context\":\"https:\\\/\\\/schema.org\",\"@graph\":[{\"@type\":\"WebPage\",\"@id\":\"https:\\\/\\\/gitelesalberts.fr\\\/index.php\\\/gr10-la-traversee-des-pyrenees\\\/\",\"url\":\"https:\\\/\\\/gitelesalberts.fr\\\/index.php\\\/gr10-la-traversee-des-pyrenees\\\/\",\"name\":\"GR10 : La travers\u00e9e des Pyr\u00e9n\u00e9es - G\u00eete Les Alberts\",\"isPartOf\":{\"@id\":\"https:\\\/\\\/gitelesalberts.fr\\\/#website\"},\"primaryImageOfPage\":{\"@id\":\"https:\\\/\\\/gitelesalberts.fr\\\/index.php\\\/gr10-la-traversee-des-pyrenees\\\/#primaryimage\"},\"image\":{\"@id\":\"https:\\\/\\\/gitelesalberts.fr\\\/index.php\\\/gr10-la-traversee-des-pyrenees\\\/#primaryimage\"},\"thumbnailUrl\":\"https:\\\/\\\/gitelesalberts.fr\\\/wp-content\\\/uploads\\\/2022\\\/02\\\/rando-1.jpg\",\"datePublished\":\"2022-02-03T16:03:13+00:00\",\"dateModified\":\"2022-10-30T21:27:12+00:00\",\"description\":\"Le g\u00eete les Alberts est au c\u0153ur de tout un r\u00e9seau de chemins de randonn\u00e9e dont le fameux GR10 qui permet la travers\u00e9e des Pyr\u00e9n\u00e9es.\",\"breadcrumb\":{\"@id\":\"https:\\\/\\\/gitelesalberts.fr\\\/index.php\\\/gr10-la-traversee-des-pyrenees\\\/#breadcrumb\"},\"inLanguage\":\"fr-FR\",\"potentialAction\":[{\"@type\":\"ReadAction\",\"target\":[\"https:\\\/\\\/gitelesalberts.fr\\\/index.php\\\/gr10-la-traversee-des-pyrenees\\\/\"]}]},{\"@type\":\"ImageObject\",\"inLanguage\":\"fr-FR\",\"@id\":\"https:\\\/\\\/gitelesalberts.fr\\\/index.php\\\/gr10-la-traversee-des-pyrenees\\\/#primaryimage\",\"url\":\"https:\\\/\\\/gitelesalberts.fr\\\/wp-content\\\/uploads\\\/2022\\\/02\\\/rando-1.jpg\",\"contentUrl\":\"https:\\\/\\\/gitelesalberts.fr\\\/wp-content\\\/uploads\\\/2022\\\/02\\\/rando-1.jpg\",\"width\":1900,\"height\":950,\"caption\":\"gite les alberts \\\/ GR10 : la traversee des pyrenees\"},{\"@type\":\"BreadcrumbList\",\"@id\":\"https:\\\/\\\/gitelesalberts.fr\\\/index.php\\\/gr10-la-traversee-des-pyrenees\\\/#breadcrumb\",\"itemListElement\":[{\"@type\":\"ListItem\",\"position\":1,\"name\":\"Accueil\",\"item\":\"https:\\\/\\\/gitelesalberts.fr\\\/\"},{\"@type\":\"ListItem\",\"position\":2,\"name\":\"Rando\"}]},{\"@type\":\"WebSite\",\"@id\":\"https:\\\/\\\/gitelesalberts.fr\\\/#website\",\"url\":\"https:\\\/\\\/gitelesalberts.fr\\\/\",\"name\":\"G\u00eete Les Alberts\",\"description\":\"G\u00eete situ\u00e9 dans les Pyr\u00e9n\u00e9es\",\"potentialAction\":[{\"@type\":\"SearchAction\",\"target\":{\"@type\":\"EntryPoint\",\"urlTemplate\":\"https:\\\/\\\/gitelesalberts.fr\\\/?s={search_term_string}\"},\"query-input\":{\"@type\":\"PropertyValueSpecification\",\"valueRequired\":true,\"valueName\":\"search_term_string\"}}],\"inLanguage\":\"fr-FR\"}]}<\/script>\n<!-- \/ Yoast SEO plugin. -->","yoast_head_json":{"title":"GR10 : La travers\u00e9e des Pyr\u00e9n\u00e9es - G\u00eete Les Alberts","description":"Le g\u00eete les Alberts est au c\u0153ur de tout un r\u00e9seau de chemins de randonn\u00e9e dont le fameux GR10 qui permet la travers\u00e9e des Pyr\u00e9n\u00e9es.","robots":{"index":"index","follow":"follow","max-snippet":"max-snippet:-1","max-image-preview":"max-image-preview:large","max-video-preview":"max-video-preview:-1"},"canonical":"https:\/\/gitelesalberts.fr\/index.php\/gr10-la-traversee-des-pyrenees\/","og_locale":"fr_FR","og_type":"article","og_title":"GR10 : La travers\u00e9e des Pyr\u00e9n\u00e9es - G\u00eete Les Alberts","og_description":"Le g\u00eete les Alberts est au c\u0153ur de tout un r\u00e9seau de chemins de randonn\u00e9e dont le fameux GR10 qui permet la travers\u00e9e des Pyr\u00e9n\u00e9es.","og_url":"https:\/\/gitelesalberts.fr\/index.php\/gr10-la-traversee-des-pyrenees\/","og_site_name":"G\u00eete Les Alberts","article_modified_time":"2022-10-30T21:27:12+00:00","og_image":[{"width":1900,"height":950,"url":"https:\/\/gitelesalberts.fr\/wp-content\/uploads\/2022\/02\/rando-1.jpg","type":"image\/jpeg"}],"twitter_card":"summary_large_image","twitter_misc":{"Dur\u00e9e de lecture estim\u00e9e":"2 minutes"},"schema":{"@context":"https:\/\/schema.org","@graph":[{"@type":"WebPage","@id":"https:\/\/gitelesalberts.fr\/index.php\/gr10-la-traversee-des-pyrenees\/","url":"https:\/\/gitelesalberts.fr\/index.php\/gr10-la-traversee-des-pyrenees\/","name":"GR10 : La travers\u00e9e des Pyr\u00e9n\u00e9es - G\u00eete Les Alberts","isPartOf":{"@id":"https:\/\/gitelesalberts.fr\/#website"},"primaryImageOfPage":{"@id":"https:\/\/gitelesalberts.fr\/index.php\/gr10-la-traversee-des-pyrenees\/#primaryimage"},"image":{"@id":"https:\/\/gitelesalberts.fr\/index.php\/gr10-la-traversee-des-pyrenees\/#primaryimage"},"thumbnailUrl":"https:\/\/gitelesalberts.fr\/wp-content\/uploads\/2022\/02\/rando-1.jpg","datePublished":"2022-02-03T16:03:13+00:00","dateModified":"2022-10-30T21:27:12+00:00","description":"Le g\u00eete les Alberts est au c\u0153ur de tout un r\u00e9seau de chemins de randonn\u00e9e dont le fameux GR10 qui permet la travers\u00e9e des Pyr\u00e9n\u00e9es.","breadcrumb":{"@id":"https:\/\/gitelesalberts.fr\/index.php\/gr10-la-traversee-des-pyrenees\/#breadcrumb"},"inLanguage":"fr-FR","potentialAction":[{"@type":"ReadAction","target":["https:\/\/gitelesalberts.fr\/index.php\/gr10-la-traversee-des-pyrenees\/"]}]},{"@type":"ImageObject","inLanguage":"fr-FR","@id":"https:\/\/gitelesalberts.fr\/index.php\/gr10-la-traversee-des-pyrenees\/#primaryimage","url":"https:\/\/gitelesalberts.fr\/wp-content\/uploads\/2022\/02\/rando-1.jpg","contentUrl":"https:\/\/gitelesalberts.fr\/wp-content\/uploads\/2022\/02\/rando-1.jpg","width":1900,"height":950,"caption":"gite les alberts \/ GR10 : la traversee des pyrenees"},{"@type":"BreadcrumbList","@id":"https:\/\/gitelesalberts.fr\/index.php\/gr10-la-traversee-des-pyrenees\/#breadcrumb","itemListElement":[{"@type":"ListItem","position":1,"name":"Accueil","item":"https:\/\/gitelesalberts.fr\/"},{"@type":"ListItem","position":2,"name":"Rando"}]},{"@type":"WebSite","@id":"https:\/\/gitelesalberts.fr\/#website","url":"https:\/\/gitelesalberts.fr\/","name":"G\u00eete Les Alberts","description":"G\u00eete situ\u00e9 dans les Pyr\u00e9n\u00e9es","potentialAction":[{"@type":"SearchAction","target":{"@type":"EntryPoint","urlTemplate":"https:\/\/gitelesalberts.fr\/?s={search_term_string}"},"query-input":{"@type":"PropertyValueSpecification","valueRequired":true,"valueName":"search_term_string"}}],"inLanguage":"fr-FR"}]}},"_links":{"self":[{"href":"https:\/\/gitelesalberts.fr\/index.php\/wp-json\/wp\/v2\/pages\/601","targetHints":{"allow":["GET"]}}],"collection":[{"href":"https:\/\/gitelesalberts.fr\/index.php\/wp-json\/wp\/v2\/pages"}],"about":[{"href":"https:\/\/gitelesalberts.fr\/index.php\/wp-json\/wp\/v2\/types\/page"}],"author":[{"embeddable":true,"href":"https:\/\/gitelesalberts.fr\/index.php\/wp-json\/wp\/v2\/users\/1"}],"replies":[{"embeddable":true,"href":"https:\/\/gitelesalberts.fr\/index.php\/wp-json\/wp\/v2\/comments?post=601"}],"version-history":[{"count":11,"href":"https:\/\/gitelesalberts.fr\/index.php\/wp-json\/wp\/v2\/pages\/601\/revisions"}],"predecessor-version":[{"id":1803,"href":"https:\/\/gitelesalberts.fr\/index.php\/wp-json\/wp\/v2\/pages\/601\/revisions\/1803"}],"wp:featuredmedia":[{"embeddable":true,"href":"https:\/\/gitelesalberts.fr\/index.php\/wp-json\/wp\/v2\/media\/799"}],"wp:attachment":[{"href":"https:\/\/gitelesalberts.fr\/index.php\/wp-json\/wp\/v2\/media?parent=601"}],"curies":[{"name":"wp","href":"https:\/\/api.w.org\/{rel}","templated":true}]}}