{"id":205,"date":"2022-02-11T17:03:13","date_gmt":"2022-02-11T16:03:13","guid":{"rendered":"http:\/\/gitelesalberts.fr\/?page_id=205"},"modified":"2022-05-02T13:42:07","modified_gmt":"2022-05-02T11:42:07","slug":"contact-gite-les-alberts-65","status":"publish","type":"page","link":"https:\/\/gitelesalberts.fr\/index.php\/contact-gite-les-alberts-65\/","title":{"rendered":"Contact"},"content":{"rendered":"\n<p><\/p>\n\n\n\n<p><\/p>\n","protected":false},"excerpt":{"rendered":"","protected":false},"author":1,"featured_media":888,"parent":0,"menu_order":0,"comment_status":"open","ping_status":"closed","template":"","meta":{"footnotes":""},"class_list":["post-205","page","type-page","status-publish","has-post-thumbnail","hentry"],"yoast_head":"<!-- This site is optimized with the Yoast SEO plugin v27.4 - https:\/\/yoast.com\/product\/yoast-seo-wordpress\/ -->\n<title>Contact g\u00eete les Alberts (65) - G\u00eete Les Alberts<\/title>\n<meta name=\"description\" content=\"Le g\u00eete les Alberts (65) r\u00e9pond \u00e0 toutes vos demandes par t\u00e9l\u00e9phone ou par mail. Nous garantissons une r\u00e9ponse sous 48h.\" \/>\n<meta name=\"robots\" content=\"index, follow, max-snippet:-1, max-image-preview:large, max-video-preview:-1\" \/>\n<link rel=\"canonical\" href=\"https:\/\/gitelesalberts.fr\/index.php\/contact-gite-les-alberts-65\/\" \/>\n<meta property=\"og:locale\" content=\"fr_FR\" \/>\n<meta property=\"og:type\" content=\"article\" \/>\n<meta property=\"og:title\" content=\"Contact g\u00eete les Alberts (65) - G\u00eete Les Alberts\" \/>\n<meta property=\"og:description\" content=\"Le g\u00eete les Alberts (65) r\u00e9pond \u00e0 toutes vos demandes par t\u00e9l\u00e9phone ou par mail. Nous garantissons une r\u00e9ponse sous 48h.\" \/>\n<meta property=\"og:url\" content=\"https:\/\/gitelesalberts.fr\/index.php\/contact-gite-les-alberts-65\/\" \/>\n<meta property=\"og:site_name\" content=\"G\u00eete Les Alberts\" \/>\n<meta property=\"article:modified_time\" content=\"2022-05-02T11:42:07+00:00\" \/>\n<meta property=\"og:image\" content=\"https:\/\/gitelesalberts.fr\/wp-content\/uploads\/2022\/03\/logo-gite-n\u00b0tel.jpg\" \/>\n\t<meta property=\"og:image:width\" content=\"604\" \/>\n\t<meta property=\"og:image:height\" content=\"601\" \/>\n\t<meta property=\"og:image:type\" content=\"image\/jpeg\" \/>\n<meta name=\"twitter:card\" content=\"summary_large_image\" \/>\n<script type=\"application\/ld+json\" class=\"yoast-schema-graph\">{\"@context\":\"https:\\\/\\\/schema.org\",\"@graph\":[{\"@type\":\"WebPage\",\"@id\":\"https:\\\/\\\/gitelesalberts.fr\\\/index.php\\\/contact-gite-les-alberts-65\\\/\",\"url\":\"https:\\\/\\\/gitelesalberts.fr\\\/index.php\\\/contact-gite-les-alberts-65\\\/\",\"name\":\"Contact g\u00eete les Alberts (65) - G\u00eete Les Alberts\",\"isPartOf\":{\"@id\":\"https:\\\/\\\/gitelesalberts.fr\\\/#website\"},\"primaryImageOfPage\":{\"@id\":\"https:\\\/\\\/gitelesalberts.fr\\\/index.php\\\/contact-gite-les-alberts-65\\\/#primaryimage\"},\"image\":{\"@id\":\"https:\\\/\\\/gitelesalberts.fr\\\/index.php\\\/contact-gite-les-alberts-65\\\/#primaryimage\"},\"thumbnailUrl\":\"https:\\\/\\\/gitelesalberts.fr\\\/wp-content\\\/uploads\\\/2022\\\/03\\\/logo-gite-n\u00b0tel.jpg\",\"datePublished\":\"2022-02-11T16:03:13+00:00\",\"dateModified\":\"2022-05-02T11:42:07+00:00\",\"description\":\"Le g\u00eete les Alberts (65) r\u00e9pond \u00e0 toutes vos demandes par t\u00e9l\u00e9phone ou par mail. Nous garantissons une r\u00e9ponse sous 48h.\",\"breadcrumb\":{\"@id\":\"https:\\\/\\\/gitelesalberts.fr\\\/index.php\\\/contact-gite-les-alberts-65\\\/#breadcrumb\"},\"inLanguage\":\"fr-FR\",\"potentialAction\":[{\"@type\":\"ReadAction\",\"target\":[\"https:\\\/\\\/gitelesalberts.fr\\\/index.php\\\/contact-gite-les-alberts-65\\\/\"]}]},{\"@type\":\"ImageObject\",\"inLanguage\":\"fr-FR\",\"@id\":\"https:\\\/\\\/gitelesalberts.fr\\\/index.php\\\/contact-gite-les-alberts-65\\\/#primaryimage\",\"url\":\"https:\\\/\\\/gitelesalberts.fr\\\/wp-content\\\/uploads\\\/2022\\\/03\\\/logo-gite-n\u00b0tel.jpg\",\"contentUrl\":\"https:\\\/\\\/gitelesalberts.fr\\\/wp-content\\\/uploads\\\/2022\\\/03\\\/logo-gite-n\u00b0tel.jpg\",\"width\":604,\"height\":601,\"caption\":\"gite les alberts \\\/ contact \\\/ logo\"},{\"@type\":\"BreadcrumbList\",\"@id\":\"https:\\\/\\\/gitelesalberts.fr\\\/index.php\\\/contact-gite-les-alberts-65\\\/#breadcrumb\",\"itemListElement\":[{\"@type\":\"ListItem\",\"position\":1,\"name\":\"Accueil\",\"item\":\"https:\\\/\\\/gitelesalberts.fr\\\/\"},{\"@type\":\"ListItem\",\"position\":2,\"name\":\"Contact\"}]},{\"@type\":\"WebSite\",\"@id\":\"https:\\\/\\\/gitelesalberts.fr\\\/#website\",\"url\":\"https:\\\/\\\/gitelesalberts.fr\\\/\",\"name\":\"G\u00eete Les Alberts\",\"description\":\"G\u00eete situ\u00e9 dans les Pyr\u00e9n\u00e9es\",\"potentialAction\":[{\"@type\":\"SearchAction\",\"target\":{\"@type\":\"EntryPoint\",\"urlTemplate\":\"https:\\\/\\\/gitelesalberts.fr\\\/?s={search_term_string}\"},\"query-input\":{\"@type\":\"PropertyValueSpecification\",\"valueRequired\":true,\"valueName\":\"search_term_string\"}}],\"inLanguage\":\"fr-FR\"}]}<\/script>\n<!-- \/ Yoast SEO plugin. -->","yoast_head_json":{"title":"Contact g\u00eete les Alberts (65) - G\u00eete Les Alberts","description":"Le g\u00eete les Alberts (65) r\u00e9pond \u00e0 toutes vos demandes par t\u00e9l\u00e9phone ou par mail. Nous garantissons une r\u00e9ponse sous 48h.","robots":{"index":"index","follow":"follow","max-snippet":"max-snippet:-1","max-image-preview":"max-image-preview:large","max-video-preview":"max-video-preview:-1"},"canonical":"https:\/\/gitelesalberts.fr\/index.php\/contact-gite-les-alberts-65\/","og_locale":"fr_FR","og_type":"article","og_title":"Contact g\u00eete les Alberts (65) - G\u00eete Les Alberts","og_description":"Le g\u00eete les Alberts (65) r\u00e9pond \u00e0 toutes vos demandes par t\u00e9l\u00e9phone ou par mail. Nous garantissons une r\u00e9ponse sous 48h.","og_url":"https:\/\/gitelesalberts.fr\/index.php\/contact-gite-les-alberts-65\/","og_site_name":"G\u00eete Les Alberts","article_modified_time":"2022-05-02T11:42:07+00:00","og_image":[{"width":604,"height":601,"url":"https:\/\/gitelesalberts.fr\/wp-content\/uploads\/2022\/03\/logo-gite-n\u00b0tel.jpg","type":"image\/jpeg"}],"twitter_card":"summary_large_image","schema":{"@context":"https:\/\/schema.org","@graph":[{"@type":"WebPage","@id":"https:\/\/gitelesalberts.fr\/index.php\/contact-gite-les-alberts-65\/","url":"https:\/\/gitelesalberts.fr\/index.php\/contact-gite-les-alberts-65\/","name":"Contact g\u00eete les Alberts (65) - G\u00eete Les Alberts","isPartOf":{"@id":"https:\/\/gitelesalberts.fr\/#website"},"primaryImageOfPage":{"@id":"https:\/\/gitelesalberts.fr\/index.php\/contact-gite-les-alberts-65\/#primaryimage"},"image":{"@id":"https:\/\/gitelesalberts.fr\/index.php\/contact-gite-les-alberts-65\/#primaryimage"},"thumbnailUrl":"https:\/\/gitelesalberts.fr\/wp-content\/uploads\/2022\/03\/logo-gite-n\u00b0tel.jpg","datePublished":"2022-02-11T16:03:13+00:00","dateModified":"2022-05-02T11:42:07+00:00","description":"Le g\u00eete les Alberts (65) r\u00e9pond \u00e0 toutes vos demandes par t\u00e9l\u00e9phone ou par mail. Nous garantissons une r\u00e9ponse sous 48h.","breadcrumb":{"@id":"https:\/\/gitelesalberts.fr\/index.php\/contact-gite-les-alberts-65\/#breadcrumb"},"inLanguage":"fr-FR","potentialAction":[{"@type":"ReadAction","target":["https:\/\/gitelesalberts.fr\/index.php\/contact-gite-les-alberts-65\/"]}]},{"@type":"ImageObject","inLanguage":"fr-FR","@id":"https:\/\/gitelesalberts.fr\/index.php\/contact-gite-les-alberts-65\/#primaryimage","url":"https:\/\/gitelesalberts.fr\/wp-content\/uploads\/2022\/03\/logo-gite-n\u00b0tel.jpg","contentUrl":"https:\/\/gitelesalberts.fr\/wp-content\/uploads\/2022\/03\/logo-gite-n\u00b0tel.jpg","width":604,"height":601,"caption":"gite les alberts \/ contact \/ logo"},{"@type":"BreadcrumbList","@id":"https:\/\/gitelesalberts.fr\/index.php\/contact-gite-les-alberts-65\/#breadcrumb","itemListElement":[{"@type":"ListItem","position":1,"name":"Accueil","item":"https:\/\/gitelesalberts.fr\/"},{"@type":"ListItem","position":2,"name":"Contact"}]},{"@type":"WebSite","@id":"https:\/\/gitelesalberts.fr\/#website","url":"https:\/\/gitelesalberts.fr\/","name":"G\u00eete Les Alberts","description":"G\u00eete situ\u00e9 dans les Pyr\u00e9n\u00e9es","potentialAction":[{"@type":"SearchAction","target":{"@type":"EntryPoint","urlTemplate":"https:\/\/gitelesalberts.fr\/?s={search_term_string}"},"query-input":{"@type":"PropertyValueSpecification","valueRequired":true,"valueName":"search_term_string"}}],"inLanguage":"fr-FR"}]}},"_links":{"self":[{"href":"https:\/\/gitelesalberts.fr\/index.php\/wp-json\/wp\/v2\/pages\/205","targetHints":{"allow":["GET"]}}],"collection":[{"href":"https:\/\/gitelesalberts.fr\/index.php\/wp-json\/wp\/v2\/pages"}],"about":[{"href":"https:\/\/gitelesalberts.fr\/index.php\/wp-json\/wp\/v2\/types\/page"}],"author":[{"embeddable":true,"href":"https:\/\/gitelesalberts.fr\/index.php\/wp-json\/wp\/v2\/users\/1"}],"replies":[{"embeddable":true,"href":"https:\/\/gitelesalberts.fr\/index.php\/wp-json\/wp\/v2\/comments?post=205"}],"version-history":[{"count":29,"href":"https:\/\/gitelesalberts.fr\/index.php\/wp-json\/wp\/v2\/pages\/205\/revisions"}],"predecessor-version":[{"id":1602,"href":"https:\/\/gitelesalberts.fr\/index.php\/wp-json\/wp\/v2\/pages\/205\/revisions\/1602"}],"wp:featuredmedia":[{"embeddable":true,"href":"https:\/\/gitelesalberts.fr\/index.php\/wp-json\/wp\/v2\/media\/888"}],"wp:attachment":[{"href":"https:\/\/gitelesalberts.fr\/index.php\/wp-json\/wp\/v2\/media?parent=205"}],"curies":[{"name":"wp","href":"https:\/\/api.w.org\/{rel}","templated":true}]}}