{"id":204,"date":"2022-02-03T17:03:13","date_gmt":"2022-02-03T17:03:13","guid":{"rendered":"http:\/\/gitelesalberts.fr\/?page_id=204"},"modified":"2026-04-11T22:08:45","modified_gmt":"2026-04-11T20:08:45","slug":"reserver-un-gite-pas-cher","status":"publish","type":"page","link":"https:\/\/gitelesalberts.fr\/index.php\/reserver-un-gite-pas-cher\/","title":{"rendered":"R\u00e9servation"},"content":{"rendered":"\n<h1 class=\"wp-block-heading\">r\u00e9server un g\u00eete pas cher<\/h1>\n\n\n\n<h2 class=\"wp-block-heading\">Nous mettons \u00e0 votre disposition un outil simple afin de r\u00e9server un g\u00eete au meilleur tarif. Un remboursement en cas d&rsquo;annulation est possible sous certaines conditions.<\/h2>\n\n\n\n<p class=\"has-small-font-size\">Le remboursement sera effectu\u00e9 conform\u00e9ment \u00e0 notre politique de remboursement : Remboursement int\u00e9gral en cas d&rsquo;annulation jusqu&rsquo;\u00e0 30 jours avant l&rsquo;arriv\u00e9e. Si la r\u00e9servation a \u00e9t\u00e9 effectu\u00e9e moins de 30 jours avant l&rsquo;arriv\u00e9e, remboursement int\u00e9gral pour toute annulation effectu\u00e9e dans les 48 heures suivant la r\u00e9servation et au moins 14 jours avant la date d&rsquo;arriv\u00e9e. Au-del\u00e0, un remboursement de 50 % s&rsquo;applique jusqu&rsquo;\u00e0 7 jours avant l&rsquo;arriv\u00e9e. Aucun remboursement ne sera effectu\u00e9 apr\u00e8s ce d\u00e9lai.<\/p>\n\n\n\n<p class=\"has-small-font-size\">Les frais de la plateforme de paiement ne seront pas rembours\u00e9s<\/p>\n\n\n\n<ul class=\"wp-block-list\">\n<li>Les tarifs ci-dessous sont donn\u00e9s pour un g\u00eete de 2 personnes.<\/li>\n\n\n\n<li>Les draps et le lit fait, les torchons de cuisine et le linge de toilette sont inclus dans le tarif.<\/li>\n\n\n\n<li>Une taxe de s\u00e9jour de 1,66 \u20ac\/j\/pers revers\u00e9e \u00e0 la commune est \u00e0 r\u00e9gler en sus du prix de la location.<\/li>\n\n\n\n<li>La r\u00e9servation est effective apr\u00e8s encaissement d&rsquo;un acompte de 30% ou de la totalit\u00e9 du s\u00e9jour.<\/li>\n\n\n\n<li>Caution : 100 \u20ac (non encaiss\u00e9e)<\/li>\n\n\n\n<li>M\u00e9nage : Le g\u00eete doit \u00eatre rendu aussi propre qu&rsquo;\u00e0 l&rsquo;arriv\u00e9e. Option : forfait m\u00e9nage 40 \u20ac.<\/li>\n\n\n\n<li>Service propos\u00e9 : lessive, s\u00e9chage et pliage 5 \u20ac.<\/li>\n\n\n\n<li>L&rsquo;espace n&rsquo;est pas adapt\u00e9 aux enfants ni aux animaux.<\/li>\n<\/ul>\n\n\n\n<p class=\"has-small-font-size\"><a href=\"https:\/\/www.facebook.com\/gitelesalberts\" target=\"_blank\" rel=\"noreferrer noopener\">https:\/\/www.facebook.com\/gitelesalberts<\/a><\/p>\n\n\n\n<figure class=\"wp-block-image size-large is-resized is-style-default\"><img loading=\"lazy\" decoding=\"async\" width=\"1024\" height=\"683\" src=\"https:\/\/gitelesalberts.fr\/wp-content\/uploads\/2022\/02\/juanma-clemente-alloza-LOk9jhBfTqY-unsplash-1024x683.jpg\" alt=\"gite les alberts \/ val d'azun\" class=\"wp-image-642\" style=\"width:256px;height:171px\" srcset=\"https:\/\/gitelesalberts.fr\/wp-content\/uploads\/2022\/02\/juanma-clemente-alloza-LOk9jhBfTqY-unsplash-1024x683.jpg 1024w, https:\/\/gitelesalberts.fr\/wp-content\/uploads\/2022\/02\/juanma-clemente-alloza-LOk9jhBfTqY-unsplash-300x200.jpg 300w, https:\/\/gitelesalberts.fr\/wp-content\/uploads\/2022\/02\/juanma-clemente-alloza-LOk9jhBfTqY-unsplash-768x512.jpg 768w, https:\/\/gitelesalberts.fr\/wp-content\/uploads\/2022\/02\/juanma-clemente-alloza-LOk9jhBfTqY-unsplash-1536x1024.jpg 1536w, https:\/\/gitelesalberts.fr\/wp-content\/uploads\/2022\/02\/juanma-clemente-alloza-LOk9jhBfTqY-unsplash-2048x1365.jpg 2048w\" sizes=\"auto, (max-width: 1024px) 100vw, 1024px\" \/><figcaption class=\"wp-element-caption\">gite les alberts \/ val d&rsquo;azun<\/figcaption><\/figure>\n\n\n\n<p class=\"has-small-font-size\"><a href=\"https:\/\/gitelesalberts.fr\/index.php\/contact-gite-les-alberts-65\/\" target=\"_blank\" rel=\"noreferrer noopener\">https:\/\/gitelesalberts.fr\/index.php\/contact-gite-les-alberts-65\/<\/a><\/p>\n","protected":false},"excerpt":{"rendered":"<p>Nous mettons \u00e0 votre disposition un outil simple afin de r\u00e9server un g\u00eete au meilleur tarif. Un remboursement en cas d&rsquo;annulation est possible sous certaines conditions.<\/p>\n","protected":false},"author":1,"featured_media":642,"parent":0,"menu_order":0,"comment_status":"open","ping_status":"open","template":"","meta":{"footnotes":""},"class_list":["post-204","page","type-page","status-publish","has-post-thumbnail","hentry"],"yoast_head":"<!-- This site is optimized with the Yoast SEO plugin v27.4 - https:\/\/yoast.com\/product\/yoast-seo-wordpress\/ -->\n<title>R\u00e9server un g\u00eete pas cher - G\u00eete Les Alberts<\/title>\n<meta name=\"description\" content=\"Nous mettons \u00e0 votre disposition un outil simple afin de r\u00e9server un g\u00eete au meilleur tarif. Un remboursement en cas d&#039;annulation est possible sous certaines conditions.\" \/>\n<meta name=\"robots\" content=\"index, follow, max-snippet:-1, max-image-preview:large, max-video-preview:-1\" \/>\n<link rel=\"canonical\" href=\"https:\/\/gitelesalberts.fr\/index.php\/reserver-un-gite-pas-cher\/\" \/>\n<meta property=\"og:locale\" content=\"fr_FR\" \/>\n<meta property=\"og:type\" content=\"article\" \/>\n<meta property=\"og:title\" content=\"R\u00e9server un g\u00eete pas cher - G\u00eete Les Alberts\" \/>\n<meta property=\"og:description\" content=\"Nous mettons \u00e0 votre disposition un outil simple afin de r\u00e9server un g\u00eete au meilleur tarif. Un remboursement en cas d&#039;annulation est possible sous certaines conditions.\" \/>\n<meta property=\"og:url\" content=\"https:\/\/gitelesalberts.fr\/index.php\/reserver-un-gite-pas-cher\/\" \/>\n<meta property=\"og:site_name\" content=\"G\u00eete Les Alberts\" \/>\n<meta property=\"article:modified_time\" content=\"2026-04-11T20:08:45+00:00\" \/>\n<meta property=\"og:image\" content=\"https:\/\/gitelesalberts.fr\/wp-content\/uploads\/2022\/02\/juanma-clemente-alloza-LOk9jhBfTqY-unsplash-scaled.jpg\" \/>\n\t<meta property=\"og:image:width\" content=\"2560\" \/>\n\t<meta property=\"og:image:height\" content=\"1707\" \/>\n\t<meta property=\"og:image:type\" content=\"image\/jpeg\" \/>\n<meta name=\"twitter:card\" content=\"summary_large_image\" \/>\n<meta name=\"twitter:label1\" content=\"Dur\u00e9e de lecture estim\u00e9e\" \/>\n\t<meta name=\"twitter:data1\" content=\"2 minutes\" \/>\n<script type=\"application\/ld+json\" class=\"yoast-schema-graph\">{\"@context\":\"https:\\\/\\\/schema.org\",\"@graph\":[{\"@type\":\"WebPage\",\"@id\":\"https:\\\/\\\/gitelesalberts.fr\\\/index.php\\\/reserver-un-gite-pas-cher\\\/\",\"url\":\"https:\\\/\\\/gitelesalberts.fr\\\/index.php\\\/reserver-un-gite-pas-cher\\\/\",\"name\":\"R\u00e9server un g\u00eete pas cher - G\u00eete Les Alberts\",\"isPartOf\":{\"@id\":\"https:\\\/\\\/gitelesalberts.fr\\\/#website\"},\"primaryImageOfPage\":{\"@id\":\"https:\\\/\\\/gitelesalberts.fr\\\/index.php\\\/reserver-un-gite-pas-cher\\\/#primaryimage\"},\"image\":{\"@id\":\"https:\\\/\\\/gitelesalberts.fr\\\/index.php\\\/reserver-un-gite-pas-cher\\\/#primaryimage\"},\"thumbnailUrl\":\"https:\\\/\\\/gitelesalberts.fr\\\/wp-content\\\/uploads\\\/2022\\\/02\\\/juanma-clemente-alloza-LOk9jhBfTqY-unsplash-scaled.jpg\",\"datePublished\":\"2022-02-03T17:03:13+00:00\",\"dateModified\":\"2026-04-11T20:08:45+00:00\",\"description\":\"Nous mettons \u00e0 votre disposition un outil simple afin de r\u00e9server un g\u00eete au meilleur tarif. Un remboursement en cas d'annulation est possible sous certaines conditions.\",\"breadcrumb\":{\"@id\":\"https:\\\/\\\/gitelesalberts.fr\\\/index.php\\\/reserver-un-gite-pas-cher\\\/#breadcrumb\"},\"inLanguage\":\"fr-FR\",\"potentialAction\":[{\"@type\":\"ReadAction\",\"target\":[\"https:\\\/\\\/gitelesalberts.fr\\\/index.php\\\/reserver-un-gite-pas-cher\\\/\"]}]},{\"@type\":\"ImageObject\",\"inLanguage\":\"fr-FR\",\"@id\":\"https:\\\/\\\/gitelesalberts.fr\\\/index.php\\\/reserver-un-gite-pas-cher\\\/#primaryimage\",\"url\":\"https:\\\/\\\/gitelesalberts.fr\\\/wp-content\\\/uploads\\\/2022\\\/02\\\/juanma-clemente-alloza-LOk9jhBfTqY-unsplash-scaled.jpg\",\"contentUrl\":\"https:\\\/\\\/gitelesalberts.fr\\\/wp-content\\\/uploads\\\/2022\\\/02\\\/juanma-clemente-alloza-LOk9jhBfTqY-unsplash-scaled.jpg\",\"width\":2560,\"height\":1707,\"caption\":\"gite les alberts \\\/ val d'azun\"},{\"@type\":\"BreadcrumbList\",\"@id\":\"https:\\\/\\\/gitelesalberts.fr\\\/index.php\\\/reserver-un-gite-pas-cher\\\/#breadcrumb\",\"itemListElement\":[{\"@type\":\"ListItem\",\"position\":1,\"name\":\"Accueil\",\"item\":\"https:\\\/\\\/gitelesalberts.fr\\\/\"},{\"@type\":\"ListItem\",\"position\":2,\"name\":\"R\u00e9servation\"}]},{\"@type\":\"WebSite\",\"@id\":\"https:\\\/\\\/gitelesalberts.fr\\\/#website\",\"url\":\"https:\\\/\\\/gitelesalberts.fr\\\/\",\"name\":\"G\u00eete Les Alberts\",\"description\":\"G\u00eete situ\u00e9 dans les Pyr\u00e9n\u00e9es\",\"potentialAction\":[{\"@type\":\"SearchAction\",\"target\":{\"@type\":\"EntryPoint\",\"urlTemplate\":\"https:\\\/\\\/gitelesalberts.fr\\\/?s={search_term_string}\"},\"query-input\":{\"@type\":\"PropertyValueSpecification\",\"valueRequired\":true,\"valueName\":\"search_term_string\"}}],\"inLanguage\":\"fr-FR\"}]}<\/script>\n<!-- \/ Yoast SEO plugin. -->","yoast_head_json":{"title":"R\u00e9server un g\u00eete pas cher - G\u00eete Les Alberts","description":"Nous mettons \u00e0 votre disposition un outil simple afin de r\u00e9server un g\u00eete au meilleur tarif. Un remboursement en cas d'annulation est possible sous certaines conditions.","robots":{"index":"index","follow":"follow","max-snippet":"max-snippet:-1","max-image-preview":"max-image-preview:large","max-video-preview":"max-video-preview:-1"},"canonical":"https:\/\/gitelesalberts.fr\/index.php\/reserver-un-gite-pas-cher\/","og_locale":"fr_FR","og_type":"article","og_title":"R\u00e9server un g\u00eete pas cher - G\u00eete Les Alberts","og_description":"Nous mettons \u00e0 votre disposition un outil simple afin de r\u00e9server un g\u00eete au meilleur tarif. Un remboursement en cas d'annulation est possible sous certaines conditions.","og_url":"https:\/\/gitelesalberts.fr\/index.php\/reserver-un-gite-pas-cher\/","og_site_name":"G\u00eete Les Alberts","article_modified_time":"2026-04-11T20:08:45+00:00","og_image":[{"width":2560,"height":1707,"url":"https:\/\/gitelesalberts.fr\/wp-content\/uploads\/2022\/02\/juanma-clemente-alloza-LOk9jhBfTqY-unsplash-scaled.jpg","type":"image\/jpeg"}],"twitter_card":"summary_large_image","twitter_misc":{"Dur\u00e9e de lecture estim\u00e9e":"2 minutes"},"schema":{"@context":"https:\/\/schema.org","@graph":[{"@type":"WebPage","@id":"https:\/\/gitelesalberts.fr\/index.php\/reserver-un-gite-pas-cher\/","url":"https:\/\/gitelesalberts.fr\/index.php\/reserver-un-gite-pas-cher\/","name":"R\u00e9server un g\u00eete pas cher - G\u00eete Les Alberts","isPartOf":{"@id":"https:\/\/gitelesalberts.fr\/#website"},"primaryImageOfPage":{"@id":"https:\/\/gitelesalberts.fr\/index.php\/reserver-un-gite-pas-cher\/#primaryimage"},"image":{"@id":"https:\/\/gitelesalberts.fr\/index.php\/reserver-un-gite-pas-cher\/#primaryimage"},"thumbnailUrl":"https:\/\/gitelesalberts.fr\/wp-content\/uploads\/2022\/02\/juanma-clemente-alloza-LOk9jhBfTqY-unsplash-scaled.jpg","datePublished":"2022-02-03T17:03:13+00:00","dateModified":"2026-04-11T20:08:45+00:00","description":"Nous mettons \u00e0 votre disposition un outil simple afin de r\u00e9server un g\u00eete au meilleur tarif. Un remboursement en cas d'annulation est possible sous certaines conditions.","breadcrumb":{"@id":"https:\/\/gitelesalberts.fr\/index.php\/reserver-un-gite-pas-cher\/#breadcrumb"},"inLanguage":"fr-FR","potentialAction":[{"@type":"ReadAction","target":["https:\/\/gitelesalberts.fr\/index.php\/reserver-un-gite-pas-cher\/"]}]},{"@type":"ImageObject","inLanguage":"fr-FR","@id":"https:\/\/gitelesalberts.fr\/index.php\/reserver-un-gite-pas-cher\/#primaryimage","url":"https:\/\/gitelesalberts.fr\/wp-content\/uploads\/2022\/02\/juanma-clemente-alloza-LOk9jhBfTqY-unsplash-scaled.jpg","contentUrl":"https:\/\/gitelesalberts.fr\/wp-content\/uploads\/2022\/02\/juanma-clemente-alloza-LOk9jhBfTqY-unsplash-scaled.jpg","width":2560,"height":1707,"caption":"gite les alberts \/ val d'azun"},{"@type":"BreadcrumbList","@id":"https:\/\/gitelesalberts.fr\/index.php\/reserver-un-gite-pas-cher\/#breadcrumb","itemListElement":[{"@type":"ListItem","position":1,"name":"Accueil","item":"https:\/\/gitelesalberts.fr\/"},{"@type":"ListItem","position":2,"name":"R\u00e9servation"}]},{"@type":"WebSite","@id":"https:\/\/gitelesalberts.fr\/#website","url":"https:\/\/gitelesalberts.fr\/","name":"G\u00eete Les Alberts","description":"G\u00eete situ\u00e9 dans les Pyr\u00e9n\u00e9es","potentialAction":[{"@type":"SearchAction","target":{"@type":"EntryPoint","urlTemplate":"https:\/\/gitelesalberts.fr\/?s={search_term_string}"},"query-input":{"@type":"PropertyValueSpecification","valueRequired":true,"valueName":"search_term_string"}}],"inLanguage":"fr-FR"}]}},"_links":{"self":[{"href":"https:\/\/gitelesalberts.fr\/index.php\/wp-json\/wp\/v2\/pages\/204","targetHints":{"allow":["GET"]}}],"collection":[{"href":"https:\/\/gitelesalberts.fr\/index.php\/wp-json\/wp\/v2\/pages"}],"about":[{"href":"https:\/\/gitelesalberts.fr\/index.php\/wp-json\/wp\/v2\/types\/page"}],"author":[{"embeddable":true,"href":"https:\/\/gitelesalberts.fr\/index.php\/wp-json\/wp\/v2\/users\/1"}],"replies":[{"embeddable":true,"href":"https:\/\/gitelesalberts.fr\/index.php\/wp-json\/wp\/v2\/comments?post=204"}],"version-history":[{"count":13,"href":"https:\/\/gitelesalberts.fr\/index.php\/wp-json\/wp\/v2\/pages\/204\/revisions"}],"predecessor-version":[{"id":2544,"href":"https:\/\/gitelesalberts.fr\/index.php\/wp-json\/wp\/v2\/pages\/204\/revisions\/2544"}],"wp:featuredmedia":[{"embeddable":true,"href":"https:\/\/gitelesalberts.fr\/index.php\/wp-json\/wp\/v2\/media\/642"}],"wp:attachment":[{"href":"https:\/\/gitelesalberts.fr\/index.php\/wp-json\/wp\/v2\/media?parent=204"}],"curies":[{"name":"wp","href":"https:\/\/api.w.org\/{rel}","templated":true}]}}