{"id":103,"date":"2022-02-08T17:03:13","date_gmt":"2022-02-08T16:03:13","guid":{"rendered":"http:\/\/gitelesalberts.fr\/?page_id=103"},"modified":"2024-02-25T14:48:29","modified_gmt":"2024-02-25T13:48:29","slug":"pecher-la-truite-en-lac-de-montagne","status":"publish","type":"page","link":"https:\/\/gitelesalberts.fr\/index.php\/pecher-la-truite-en-lac-de-montagne\/","title":{"rendered":"P\u00eache"},"content":{"rendered":"\n<h1 class=\"has-large-font-size wp-block-heading\">p\u00eacher la truite en lac de montagne<\/h1>\n\n\n\n<h2 class=\"wp-block-heading\">Le g\u00eete les Alberts est au carrefour des vall\u00e9es du Tech et d&rsquo;Estaing, situation id\u00e9ale pour partir p\u00eacher la truite en lac de montagne. Pour les plus audacieux, les refuges d&rsquo;altitude pourront vous accueillir pour prolonger le plaisir.<\/h2>\n\n\n\n<p class=\"has-small-font-size\">Les possibilit\u00e9s sont diverses en vari\u00e9es, tant par les esp\u00e8ces qui peuplent nos lacs que par leur altitude et la difficult\u00e9 d&rsquo;y acc\u00e9der. Vous pourrez p\u00eacher la truite fario et le saumon de fontaine, mais aussi le cristivomer et le vairon. Vous resterez dans la vall\u00e9e ou monterez jusqu&rsquo;\u00e0 2507 m au lac de Bernat Barreau. Quelque soit votre pratique, vous profiterez d&rsquo;un panorama \u00e0 couper le souffle, d&rsquo;une faune et d&rsquo;une flore abondante et luxuriante. Vous repartirez de votre partie de p\u00eache apais\u00e9 et ressourc\u00e9.<\/p>\n\n\n\n<p class=\"has-small-font-size\"><a href=\"https:\/\/sites.google.com\/site\/randopeche65\/4les-lacs-des-hautes-pyrenees-vallee-par-vallee\/de-lac-en-lac-valles-par-valles\" target=\"_blank\" rel=\"noreferrer noopener\">https:\/\/sites.google.com\/site\/randopeche65\/4les-lacs-des-hautes-pyrenees-vallee-par-vallee\/de-lac-en-lac-valles-par-valles<\/a><\/p>\n\n\n\n<p class=\"has-small-font-size\"><a href=\"https:\/\/sites.google.com\/site\/randopeche65\/4les-lacs-des-hautes-pyrenees-vallee-par-vallee\" target=\"_blank\" rel=\"noreferrer noopener\">https:\/\/sites.google.com\/site\/randopeche65\/4les-lacs-des-hautes-pyrenees-vallee-par-vallee<\/a><\/p>\n\n\n\n<figure class=\"wp-block-image size-large is-resized is-style-default\"><img loading=\"lazy\" decoding=\"async\" src=\"https:\/\/gitelesalberts.fr\/wp-content\/uploads\/2022\/02\/peche-7-1024x682.jpg\" alt=\"gite les alberts \/ p\u00eacher la truite en lac de montagne\" class=\"wp-image-797\" width=\"256\" height=\"171\" srcset=\"https:\/\/gitelesalberts.fr\/wp-content\/uploads\/2022\/02\/peche-7-1024x682.jpg 1024w, https:\/\/gitelesalberts.fr\/wp-content\/uploads\/2022\/02\/peche-7-300x200.jpg 300w, https:\/\/gitelesalberts.fr\/wp-content\/uploads\/2022\/02\/peche-7-768x511.jpg 768w, https:\/\/gitelesalberts.fr\/wp-content\/uploads\/2022\/02\/peche-7-1536x1022.jpg 1536w, https:\/\/gitelesalberts.fr\/wp-content\/uploads\/2022\/02\/peche-7.jpg 1600w\" sizes=\"auto, (max-width: 256px) 100vw, 256px\" \/><figcaption>gite les alberts \/ p\u00eacher la truite en lac de montagne<\/figcaption><\/figure>\n\n\n\n<p class=\"has-small-font-size\"><a href=\"https:\/\/gitelesalberts.fr\/index.php\/logement-aux-portes-du-parc-national-des-pyrenees\/\" target=\"_blank\" rel=\"noreferrer noopener\">https:\/\/gitelesalberts.fr\/index.php\/logement-aux-portes-du-parc-national-des-pyrenees\/<\/a><\/p>\n","protected":false},"excerpt":{"rendered":"<p>32 lacs de montagne<\/p>\n","protected":false},"author":1,"featured_media":797,"parent":0,"menu_order":0,"comment_status":"open","ping_status":"closed","template":"","meta":{"footnotes":""},"class_list":["post-103","page","type-page","status-publish","has-post-thumbnail","hentry"],"yoast_head":"<!-- This site is optimized with the Yoast SEO plugin v27.5 - https:\/\/yoast.com\/product\/yoast-seo-wordpress\/ -->\n<title>P\u00eacher la truite en lac de montagne - G\u00eete Les Alberts<\/title>\n<meta name=\"description\" content=\"Le g\u00eete les Alberts est au carrefour des vall\u00e9es du Tech et d&#039;Estaing, situation id\u00e9ale pour partir p\u00eacher la truite en lac de montagne.\" \/>\n<meta name=\"robots\" content=\"index, follow, max-snippet:-1, max-image-preview:large, max-video-preview:-1\" \/>\n<link rel=\"canonical\" href=\"https:\/\/gitelesalberts.fr\/index.php\/pecher-la-truite-en-lac-de-montagne\/\" \/>\n<meta property=\"og:locale\" content=\"fr_FR\" \/>\n<meta property=\"og:type\" content=\"article\" \/>\n<meta property=\"og:title\" content=\"P\u00eacher la truite en lac de montagne - G\u00eete Les Alberts\" \/>\n<meta property=\"og:description\" content=\"Le g\u00eete les Alberts est au carrefour des vall\u00e9es du Tech et d&#039;Estaing, situation id\u00e9ale pour partir p\u00eacher la truite en lac de montagne.\" \/>\n<meta property=\"og:url\" content=\"https:\/\/gitelesalberts.fr\/index.php\/pecher-la-truite-en-lac-de-montagne\/\" \/>\n<meta property=\"og:site_name\" content=\"G\u00eete Les Alberts\" \/>\n<meta property=\"article:modified_time\" content=\"2024-02-25T13:48:29+00:00\" \/>\n<meta property=\"og:image\" content=\"https:\/\/gitelesalberts.fr\/wp-content\/uploads\/2022\/02\/peche-7.jpg\" \/>\n\t<meta property=\"og:image:width\" content=\"1600\" \/>\n\t<meta property=\"og:image:height\" content=\"1065\" \/>\n\t<meta property=\"og:image:type\" content=\"image\/jpeg\" \/>\n<meta name=\"twitter:card\" content=\"summary_large_image\" \/>\n<meta name=\"twitter:label1\" content=\"Dur\u00e9e de lecture estim\u00e9e\" \/>\n\t<meta name=\"twitter:data1\" content=\"2 minutes\" \/>\n<script type=\"application\/ld+json\" class=\"yoast-schema-graph\">{\"@context\":\"https:\\\/\\\/schema.org\",\"@graph\":[{\"@type\":\"WebPage\",\"@id\":\"https:\\\/\\\/gitelesalberts.fr\\\/index.php\\\/pecher-la-truite-en-lac-de-montagne\\\/\",\"url\":\"https:\\\/\\\/gitelesalberts.fr\\\/index.php\\\/pecher-la-truite-en-lac-de-montagne\\\/\",\"name\":\"P\u00eacher la truite en lac de montagne - G\u00eete Les Alberts\",\"isPartOf\":{\"@id\":\"https:\\\/\\\/gitelesalberts.fr\\\/#website\"},\"primaryImageOfPage\":{\"@id\":\"https:\\\/\\\/gitelesalberts.fr\\\/index.php\\\/pecher-la-truite-en-lac-de-montagne\\\/#primaryimage\"},\"image\":{\"@id\":\"https:\\\/\\\/gitelesalberts.fr\\\/index.php\\\/pecher-la-truite-en-lac-de-montagne\\\/#primaryimage\"},\"thumbnailUrl\":\"https:\\\/\\\/gitelesalberts.fr\\\/wp-content\\\/uploads\\\/2022\\\/02\\\/peche-7.jpg\",\"datePublished\":\"2022-02-08T16:03:13+00:00\",\"dateModified\":\"2024-02-25T13:48:29+00:00\",\"description\":\"Le g\u00eete les Alberts est au carrefour des vall\u00e9es du Tech et d'Estaing, situation id\u00e9ale pour partir p\u00eacher la truite en lac de montagne.\",\"breadcrumb\":{\"@id\":\"https:\\\/\\\/gitelesalberts.fr\\\/index.php\\\/pecher-la-truite-en-lac-de-montagne\\\/#breadcrumb\"},\"inLanguage\":\"fr-FR\",\"potentialAction\":[{\"@type\":\"ReadAction\",\"target\":[\"https:\\\/\\\/gitelesalberts.fr\\\/index.php\\\/pecher-la-truite-en-lac-de-montagne\\\/\"]}]},{\"@type\":\"ImageObject\",\"inLanguage\":\"fr-FR\",\"@id\":\"https:\\\/\\\/gitelesalberts.fr\\\/index.php\\\/pecher-la-truite-en-lac-de-montagne\\\/#primaryimage\",\"url\":\"https:\\\/\\\/gitelesalberts.fr\\\/wp-content\\\/uploads\\\/2022\\\/02\\\/peche-7.jpg\",\"contentUrl\":\"https:\\\/\\\/gitelesalberts.fr\\\/wp-content\\\/uploads\\\/2022\\\/02\\\/peche-7.jpg\",\"width\":1600,\"height\":1065,\"caption\":\"gite les alberts \\\/ p\u00eacher la truite en lac de montagne\"},{\"@type\":\"BreadcrumbList\",\"@id\":\"https:\\\/\\\/gitelesalberts.fr\\\/index.php\\\/pecher-la-truite-en-lac-de-montagne\\\/#breadcrumb\",\"itemListElement\":[{\"@type\":\"ListItem\",\"position\":1,\"name\":\"Accueil\",\"item\":\"https:\\\/\\\/gitelesalberts.fr\\\/\"},{\"@type\":\"ListItem\",\"position\":2,\"name\":\"P\u00eache\"}]},{\"@type\":\"WebSite\",\"@id\":\"https:\\\/\\\/gitelesalberts.fr\\\/#website\",\"url\":\"https:\\\/\\\/gitelesalberts.fr\\\/\",\"name\":\"G\u00eete Les Alberts\",\"description\":\"G\u00eete situ\u00e9 dans les Pyr\u00e9n\u00e9es\",\"potentialAction\":[{\"@type\":\"SearchAction\",\"target\":{\"@type\":\"EntryPoint\",\"urlTemplate\":\"https:\\\/\\\/gitelesalberts.fr\\\/?s={search_term_string}\"},\"query-input\":{\"@type\":\"PropertyValueSpecification\",\"valueRequired\":true,\"valueName\":\"search_term_string\"}}],\"inLanguage\":\"fr-FR\"}]}<\/script>\n<!-- \/ Yoast SEO plugin. -->","yoast_head_json":{"title":"P\u00eacher la truite en lac de montagne - G\u00eete Les Alberts","description":"Le g\u00eete les Alberts est au carrefour des vall\u00e9es du Tech et d'Estaing, situation id\u00e9ale pour partir p\u00eacher la truite en lac de montagne.","robots":{"index":"index","follow":"follow","max-snippet":"max-snippet:-1","max-image-preview":"max-image-preview:large","max-video-preview":"max-video-preview:-1"},"canonical":"https:\/\/gitelesalberts.fr\/index.php\/pecher-la-truite-en-lac-de-montagne\/","og_locale":"fr_FR","og_type":"article","og_title":"P\u00eacher la truite en lac de montagne - G\u00eete Les Alberts","og_description":"Le g\u00eete les Alberts est au carrefour des vall\u00e9es du Tech et d'Estaing, situation id\u00e9ale pour partir p\u00eacher la truite en lac de montagne.","og_url":"https:\/\/gitelesalberts.fr\/index.php\/pecher-la-truite-en-lac-de-montagne\/","og_site_name":"G\u00eete Les Alberts","article_modified_time":"2024-02-25T13:48:29+00:00","og_image":[{"width":1600,"height":1065,"url":"https:\/\/gitelesalberts.fr\/wp-content\/uploads\/2022\/02\/peche-7.jpg","type":"image\/jpeg"}],"twitter_card":"summary_large_image","twitter_misc":{"Dur\u00e9e de lecture estim\u00e9e":"2 minutes"},"schema":{"@context":"https:\/\/schema.org","@graph":[{"@type":"WebPage","@id":"https:\/\/gitelesalberts.fr\/index.php\/pecher-la-truite-en-lac-de-montagne\/","url":"https:\/\/gitelesalberts.fr\/index.php\/pecher-la-truite-en-lac-de-montagne\/","name":"P\u00eacher la truite en lac de montagne - G\u00eete Les Alberts","isPartOf":{"@id":"https:\/\/gitelesalberts.fr\/#website"},"primaryImageOfPage":{"@id":"https:\/\/gitelesalberts.fr\/index.php\/pecher-la-truite-en-lac-de-montagne\/#primaryimage"},"image":{"@id":"https:\/\/gitelesalberts.fr\/index.php\/pecher-la-truite-en-lac-de-montagne\/#primaryimage"},"thumbnailUrl":"https:\/\/gitelesalberts.fr\/wp-content\/uploads\/2022\/02\/peche-7.jpg","datePublished":"2022-02-08T16:03:13+00:00","dateModified":"2024-02-25T13:48:29+00:00","description":"Le g\u00eete les Alberts est au carrefour des vall\u00e9es du Tech et d'Estaing, situation id\u00e9ale pour partir p\u00eacher la truite en lac de montagne.","breadcrumb":{"@id":"https:\/\/gitelesalberts.fr\/index.php\/pecher-la-truite-en-lac-de-montagne\/#breadcrumb"},"inLanguage":"fr-FR","potentialAction":[{"@type":"ReadAction","target":["https:\/\/gitelesalberts.fr\/index.php\/pecher-la-truite-en-lac-de-montagne\/"]}]},{"@type":"ImageObject","inLanguage":"fr-FR","@id":"https:\/\/gitelesalberts.fr\/index.php\/pecher-la-truite-en-lac-de-montagne\/#primaryimage","url":"https:\/\/gitelesalberts.fr\/wp-content\/uploads\/2022\/02\/peche-7.jpg","contentUrl":"https:\/\/gitelesalberts.fr\/wp-content\/uploads\/2022\/02\/peche-7.jpg","width":1600,"height":1065,"caption":"gite les alberts \/ p\u00eacher la truite en lac de montagne"},{"@type":"BreadcrumbList","@id":"https:\/\/gitelesalberts.fr\/index.php\/pecher-la-truite-en-lac-de-montagne\/#breadcrumb","itemListElement":[{"@type":"ListItem","position":1,"name":"Accueil","item":"https:\/\/gitelesalberts.fr\/"},{"@type":"ListItem","position":2,"name":"P\u00eache"}]},{"@type":"WebSite","@id":"https:\/\/gitelesalberts.fr\/#website","url":"https:\/\/gitelesalberts.fr\/","name":"G\u00eete Les Alberts","description":"G\u00eete situ\u00e9 dans les Pyr\u00e9n\u00e9es","potentialAction":[{"@type":"SearchAction","target":{"@type":"EntryPoint","urlTemplate":"https:\/\/gitelesalberts.fr\/?s={search_term_string}"},"query-input":{"@type":"PropertyValueSpecification","valueRequired":true,"valueName":"search_term_string"}}],"inLanguage":"fr-FR"}]}},"_links":{"self":[{"href":"https:\/\/gitelesalberts.fr\/index.php\/wp-json\/wp\/v2\/pages\/103","targetHints":{"allow":["GET"]}}],"collection":[{"href":"https:\/\/gitelesalberts.fr\/index.php\/wp-json\/wp\/v2\/pages"}],"about":[{"href":"https:\/\/gitelesalberts.fr\/index.php\/wp-json\/wp\/v2\/types\/page"}],"author":[{"embeddable":true,"href":"https:\/\/gitelesalberts.fr\/index.php\/wp-json\/wp\/v2\/users\/1"}],"replies":[{"embeddable":true,"href":"https:\/\/gitelesalberts.fr\/index.php\/wp-json\/wp\/v2\/comments?post=103"}],"version-history":[{"count":10,"href":"https:\/\/gitelesalberts.fr\/index.php\/wp-json\/wp\/v2\/pages\/103\/revisions"}],"predecessor-version":[{"id":1706,"href":"https:\/\/gitelesalberts.fr\/index.php\/wp-json\/wp\/v2\/pages\/103\/revisions\/1706"}],"wp:featuredmedia":[{"embeddable":true,"href":"https:\/\/gitelesalberts.fr\/index.php\/wp-json\/wp\/v2\/media\/797"}],"wp:attachment":[{"href":"https:\/\/gitelesalberts.fr\/index.php\/wp-json\/wp\/v2\/media?parent=103"}],"curies":[{"name":"wp","href":"https:\/\/api.w.org\/{rel}","templated":true}]}}